{"id":1782,"date":"2019-07-11T10:51:10","date_gmt":"2019-07-11T08:51:10","guid":{"rendered":"http:\/\/www.drkotti.com\/ma-philosophie\/"},"modified":"2020-11-25T10:44:06","modified_gmt":"2020-11-25T09:44:06","slug":"%d9%81%d9%84%d8%b3%d9%81%d8%aa%d9%8a","status":"publish","type":"page","link":"https:\/\/www.drkotti.com\/ar\/%d9%81%d9%84%d8%b3%d9%81%d8%aa%d9%8a\/","title":{"rendered":"\u0641\u0644\u0633\u0641\u062a\u064a"},"content":{"rendered":"<p>[vc_row full_width=&#8221;stretch_row_content_no_spaces&#8221; css=&#8221;.vc_custom_1573118188482{padding-top: 35px !important;background-position: 0 0 !important;background-repeat: no-repeat !important;}&#8221;][vc_column]<div class=\"wpb_animate_when_almost_visible wpb_slideInUp slideInUp\"><div id=\"cz_38934\" class=\"cz_38934 cz_title clr cz_title_ba_line cz_title_pos_inline heading_1\"><div class=\"cz_title_content\"><div class=\"cz_wpe_content\"><p class=\"sub_title\">\u062f. \u0628\u0648\u0631\u0627\u0648\u064a \u0642\u0637\u064a<\/p>\n<h2>\u0641\u0644\u0633\u0641\u062a\u064a<\/h2>\n<\/div><div class=\"cz_title_line cz_line_after_title\"><span>_<\/span><\/div><\/div><\/div><\/div>[vc_column_text css_animation=&#8221;slideInUp&#8221;]<\/p>\n<p class=\"citation\" style=\"text-align: center;\">&#8220;\u0627\u0644\u062c\u0645\u0627\u0644 \u0647\u0648 \u0639\u0644\u0645 \u0627\u0644\u062a\u0646\u0627\u0633\u0628&#8221;<br \/>\n&#8220;\u0625\u0630\u0627 \u0643\u0627\u0646 \u0627\u0644\u062c\u0645\u0627\u0644 \u0628\u062d\u062b \u0646\u0633\u0628\u064a \u0644\u0644\u0625\u0646\u062c\u0627\u0632 \u0627\u0644\u0641\u0646\u064a \u0641\u0647\u0648 \u0628\u0627\u0644\u0636\u0631\u0648\u0631\u0629 \u0627\u0644\u063a\u0627\u064a\u0629 \u0627\u0644\u0645\u0631\u0627\u062f\u0629 \u0645\u0633\u0628\u0642\u0627\u064b \u0645\u0646 \u062c\u0631\u0627\u062d\u0629 \u0627\u0644\u062a\u062c\u0645\u064a\u0644&#8221;<span class=\"exist\">\u0628. \u0642\u0637\u064a<\/span><\/p>\n<p>[\/vc_column_text][\/vc_column][\/vc_row][vc_row full_width=&#8221;stretch_row_content_no_spaces&#8221; css=&#8221;.vc_custom_1573118344039{padding-top: 175px !important;padding-bottom: 175px !important;background-image: url(http:\/\/www.drkotti.com\/wp-content\/uploads\/2019\/11\/renaissance-italienne.jpg?id=2431) !important;background-position: center !important;background-repeat: no-repeat !important;background-size: cover !important;}&#8221; el_class=&#8221;parallax_bg&#8221;][vc_column][\/vc_column][\/vc_row][vc_row css=&#8221;.vc_custom_1564492008902{margin-top: 30px !important;}&#8221;][vc_column width=&#8221;1\/6&#8243;][\/vc_column][vc_column width=&#8221;2\/3&#8243;][vc_row_inner][vc_column_inner el_class=&#8221;title_on_image first&#8221; width=&#8221;1\/2&#8243;][vc_column_text]<\/p>\n<h3>Ma conception de la chirurgie plastique reconstructrice et esth\u00e9tique<\/h3>\n<p>[\/vc_column_text]<div id=\"cz_88227\" class=\"cz_88227 cz_image\"><div class=\"\"><div class=\"cz_image_in\" data-tilt><div class=\"cz_main_image cz_\"><img width=\"400\" height=\"329\" src=\"data:image\/svg+xml,%3Csvg%20xmlns%3D&#39;http%3A%2F%2Fwww.w3.org%2F2000%2Fsvg&#39;%20width=&#39;400&#39;%20height=&#39;329&#39;%20viewBox%3D&#39;0%200%20400%20329&#39;%2F%3E\" data-czlz data-src=\"https:\/\/www.drkotti.com\/wp-content\/uploads\/2019\/07\/plastic-surgeon-1.jpg\" class=\"attachment-full\" alt=\"plastic-surgeon\" loading=\"lazy\" data-srcset=\"https:\/\/www.drkotti.com\/wp-content\/uploads\/2019\/07\/plastic-surgeon-1.jpg 400w, https:\/\/www.drkotti.com\/wp-content\/uploads\/2019\/07\/plastic-surgeon-1-300x247.jpg 300w, https:\/\/www.drkotti.com\/wp-content\/uploads\/2019\/07\/plastic-surgeon-1-200x165.jpg 200w\" sizes=\"(max-width: 400px) 100vw, 400px\" \/><\/div><\/div><\/div><\/div>[vc_column_text]<\/p>\n<h2>Beaut\u00e9 entre Raison &amp; R\u00e9flexion<\/h2>\n<p><span class=\"plus article_1\">Lire plus..<\/span><\/p>\n<p>[\/vc_column_text][\/vc_column_inner][vc_column_inner el_class=&#8221;title_on_image&#8221; width=&#8221;1\/2&#8243;][vc_column_text]<\/p>\n<h3>Lancet 4 Beauty can we really<br \/>\nachieve beauty?<\/h3>\n<p>[\/vc_column_text]<div id=\"cz_91665\" class=\"cz_91665 cz_image\"><div class=\"\"><div class=\"cz_image_in\" data-tilt><div class=\"cz_main_image cz_\"><img width=\"400\" height=\"329\" src=\"data:image\/svg+xml,%3Csvg%20xmlns%3D&#39;http%3A%2F%2Fwww.w3.org%2F2000%2Fsvg&#39;%20width=&#39;400&#39;%20height=&#39;329&#39;%20viewBox%3D&#39;0%200%20400%20329&#39;%2F%3E\" data-czlz data-src=\"https:\/\/www.drkotti.com\/wp-content\/uploads\/2019\/07\/plastic-surgeon-1-1.jpg\" class=\"attachment-full\" alt=\"plastic-surgeon\" loading=\"lazy\" data-srcset=\"https:\/\/www.drkotti.com\/wp-content\/uploads\/2019\/07\/plastic-surgeon-1-1.jpg 400w, https:\/\/www.drkotti.com\/wp-content\/uploads\/2019\/07\/plastic-surgeon-1-1-300x247.jpg 300w, https:\/\/www.drkotti.com\/wp-content\/uploads\/2019\/07\/plastic-surgeon-1-1-200x165.jpg 200w\" sizes=\"(max-width: 400px) 100vw, 400px\" \/><\/div><\/div><\/div><\/div>[vc_column_text]<\/p>\n<h2>Plastic ironic portrait<\/h2>\n<p><span class=\"plus article_2\">Lire plus..<\/span><\/p>\n<p>[\/vc_column_text][\/vc_column_inner][\/vc_row_inner][\/vc_column][vc_column width=&#8221;1\/6&#8243;][\/vc_column][\/vc_row][vc_row el_id=&#8221;article_un&#8221; el_class=&#8221;pop_up&#8221;][vc_column][vc_column_text]<\/p>\n<h3>Ma conception de la chirurgie plastique reconstructrice et esthetique<\/h3>\n<p>[\/vc_column_text][vc_row_inner equal_height=&#8221;yes&#8221; content_placement=&#8221;middle&#8221;][vc_column_inner width=&#8221;3\/4&#8243;][vc_column_text]La chirurgie plastique n\u2019a jamais connu un tel essor comme celui qu\u2019on a pu observer au si\u00e8cle dernier. Aussi vieille que les papyrus \u00e9gyptiens qui traitaient des cicatrices, aussi mythique par l\u2019ing\u00e9niosit\u00e9 de certains pionniers comme Susruta, 800 ans av JC, qui faisait r\u00e9appara\u00eetre des nez amput\u00e9s en basculant la peau du front \u00e0 des femmes mutil\u00e9es pour leurs adult\u00e8res, la chirurgie de la beaut\u00e9 a rim\u00e9 pendant des si\u00e8cles avec r\u00e9paration afin de socialiser certaines malformations, d\u2019effacer les stigmates de certaines maladies comme la syphilis et les horreurs de la guerre sur des gueules cass\u00e9es.[\/vc_column_text][\/vc_column_inner][vc_column_inner width=&#8221;1\/4&#8243;][vc_single_image image=&#8221;2447&#8243; img_size=&#8221;full&#8221; alignment=&#8221;right&#8221;][\/vc_column_inner][\/vc_row_inner][vc_column_text]<\/p>\n<p class=\"parag\">Dans cette humble t\u00e2che l\u2019esth\u00e9tique \u00e9tait indissociable de la r\u00e9paration et de la reconstruction ce qui amena Vilain \u00e0 dire que pour la main \u00ab l\u2019esth\u00e9tique est d\u00e9j\u00e0 la fonction \u00bb. Tr\u00e8s vite, et avec le d\u00e9veloppement de l\u2019anesth\u00e9sie et l\u2019essor de l\u2019asepsie, m\u00eame les chirurgiens les plus sceptiques \u00e0 l\u2019esth\u00e9tique pour la cause du beau ont commenc\u00e9 \u00e0 prendre de l\u2019assurance et \u00e0 r\u00e9aliser des gestes de plus en plus efficaces et de moins en moins invasifs. Le boom m\u00e9diatique est sans pr\u00e9c\u00e9dent avec en t\u00eate de liste Hollywood et ses stars mais aussi et de plus en plus la t\u00e9l\u00e9, les mannequins, et le monde du show business qui d\u00e9terminent en large mesure l\u2019id\u00e9al de la beaut\u00e9 qui tend \u00e0 s\u2019uniformiser en subissant, elle aussi, la mondialisation !<\/p>\n<p class=\"parag\">Mais qu\u2019est-ce donc la Beaut\u00e9 ? Jobran Khalil Jobran disait que \u00ab la beaut\u00e9, c\u2019est l\u2019\u00e9ternit\u00e9 qui s\u2019observe dans un miroir \u00bb alors faut-il comprendre que pour nous autres mortels, la jeunesse est la cl\u00e9 de la beaut\u00e9 ? Est-ce la m\u00eame beaut\u00e9 qu\u2019on admire dans la nature et qu\u2019on exige dans l\u2019art ? Et dans ce cas peut-on l\u2019exiger dans la nature s\u2019il y a moyen ? Et si ce dernier existe faut-il en abuser pour atteindre la perfection ?<\/p>\n<p>[\/vc_column_text][vc_single_image image=&#8221;2448&#8243; img_size=&#8221;full&#8221; alignment=&#8221;center&#8221;][vc_column_text]Si on r\u00e9fl\u00e9chit bien le chirurgien plasticien s\u2019arme de son bistouri comme un artiste qui prend son pinceau pour satisfaire une demande \u00e0 la qu\u00eate du beau et \u00e0 l\u2019instar de l\u2019artiste peintre ou le sculpteur il est jug\u00e9 sur ses r\u00e9sultats esth\u00e9tiques mais si le beau n\u2019est que l\u2019\u00e9panouissement hasardeux d\u2019un essai artistique, il est n\u00e9cessairement l\u2019accomplissement pr\u00e9m\u00e9dit\u00e9 d\u2019un acte juste de chirurgie plastique. C\u2019est l\u00e0, toute la diff\u00e9rence, la complexit\u00e9 et la beaut\u00e9 de notre sp\u00e9cialit\u00e9 o\u00f9 vision philosophique et sensibilit\u00e9 artistique viennent se heurter avec une r\u00e9alit\u00e9 anatomique, un processus scientifique et une obligation \u00e9thique.[\/vc_column_text][vc_row_inner equal_height=&#8221;yes&#8221; content_placement=&#8221;middle&#8221;][vc_column_inner width=&#8221;1\/4&#8243;][vc_single_image image=&#8221;2449&#8243; img_size=&#8221;full&#8221;][\/vc_column_inner][vc_column_inner width=&#8221;3\/4&#8243;][vc_column_text]L\u2019acte juste est donc le fruit d\u2019une indication justifi\u00e9e et de la justesse d\u2019une technique chirurgicale. La pr\u00e9sence de ces deux facteurs dans un climat de confiance entre patient et chirurgien est donc indispensable \u00e0 la r\u00e9ussite de l\u2019op\u00e9ration m\u00e9dico-chirurgicale. M\u00eame si la vulgarisation m\u00e9diatique promet un acc\u00e8s facile \u00e0 la beaut\u00e9 et donc l\u2019assurance factice d\u2019une ascension sociale rapide et d\u2019une \u00e9ternelle jeunesse, il faut savoir juger la n\u00e9cessit\u00e9 de tout acte. En effet, \u00e0 la question \u00ab Est-ce qu\u2019on pla\u00eet parce qu\u2019on est beau ou on est beau parce qu\u2019on pla\u00eet ? \u00bb la r\u00e9ponse me semble \u00e9vidente. La beaut\u00e9 n\u2019induit pas forc\u00e9ment le beau![\/vc_column_text][\/vc_column_inner][\/vc_row_inner][vc_row_inner equal_height=&#8221;yes&#8221; content_placement=&#8221;middle&#8221;][vc_column_inner width=&#8221;3\/4&#8243;][vc_column_text]C\u2019est le charisme,Bouraoui Kotti le caract\u00e8re, l\u2019entrain, la pr\u00e9sence, la confiance en soi et l\u2019intelligence qui nous embellissent tous les jours, il faut donc savoir \u00e9viter les \u00ab dysmorphophobes \u00bb assoiff\u00e9s de bistouri en manque de confiance en eux ! Mais si l\u2019acte chirurgical va \u00eatre r\u00e9fl\u00e9chi, d\u00e9sir\u00e9 et n\u00e9cessaire \u00e0 l\u2019\u00e9panouissement social et \u00e0 l\u2019\u00e9quilibre psychique dans ce cas sa r\u00e9ussite d\u00e9pendra aussi de la technicit\u00e9 d\u2019un chirurgien qui doit \u00eatre averti, certifi\u00e9 et reconnu par ses confr\u00e8res au sein d\u2019une institution de renom et d\u2019une soci\u00e9t\u00e9 savante afin de pouvoir garantir le maximum de chances \u00e0 la r\u00e9ussite du contrat pr\u00e9\u00e9tabli.[\/vc_column_text][\/vc_column_inner][vc_column_inner width=&#8221;1\/4&#8243;][vc_single_image image=&#8221;2450&#8243; img_size=&#8221;full&#8221; alignment=&#8221;right&#8221;][\/vc_column_inner][\/vc_row_inner][vc_column_text]Alors si comme disait Stendhal \u00ab la beaut\u00e9 est une promesse du bonheur \u00bb le plasticien ne peut que se f\u00e9liciter d\u2019\u00eatre tout simplement son humble serviteur.[\/vc_column_text][\/vc_column][\/vc_row][vc_row el_id=&#8221;article_deux&#8221; el_class=&#8221;pop_up&#8221;][vc_column][vc_column_text]<\/p>\n<h3>Lancet 4 beauty, can we really achieve beauty ?<\/h3>\n<p>[\/vc_column_text][vc_row_inner equal_height=&#8221;yes&#8221; content_placement=&#8221;middle&#8221;][vc_column_inner width=&#8221;2\/3&#8243;][vc_column_text]Like a painter armed with his brush to galvanize his muse\u2019s portrait; like a sculptor armed with his chisel to carve a bust from a stone, the plastic surgeon takes his sword-shaped lancet everyday to fight ugliness for beauty and we all know that if beauty can be a lucky hazardous blossoming of art it must be a successful fulfilment of a premeditated plastic surgery procedure. But\u2026can we really reach beauty? and\u2026 what is beauty? Is it a concept? An achievement? A mathematical equation or just a human obsession? Is there \u00ab\u00a0a beauty\u00a0\u00bb or \u00ab\u00a0the beauty\u00a0\u00bb?[\/vc_column_text][\/vc_column_inner][vc_column_inner width=&#8221;1\/3&#8243;][vc_single_image image=&#8221;2454&#8243; img_size=&#8221;full&#8221; alignment=&#8221;right&#8221;][\/vc_column_inner][\/vc_row_inner][vc_column_text]<\/p>\n<p class=\"parag\">From Iran, where the perfect nose is considered the luckiest of God\u2019s blessing, to parts of West Africa, where fat is fabulous, one country\u2019s beauty can be another\u2019s ugliness. Americans may obsess over the skinny, plastic ideal, but they are absolutely not the norm! Perhaps there is a lot of beauty trends and rituals from around the world but is there a common piece between all theses trends?<br \/>\nKnocking on math\u2019s door, I was asking for an exact equation that could solve the mystery of beauty. My answer came especially from Italy when I discovered Vitrivius work valued by Leonardo Da vinci\u2019s drawing. It\u2019s a matter of ratio and it sounds like the cornerstone of attraction! Fibonacci, another Italian genius who learned his mathematical bases between Tunisia and Algeria brought to Pisa the Arab numbers and invented his own ones in a fabulous integer sequence leading to phi: \u00ab\u00a0the golden ratio\u00a0\u00bb (\u03a6 = 1.618 033 988 7\u2026). Famous artists and architects used this ratio to map out their masterpieces. From the Greek temples to Michelangelo\u2019s David, the beauty transcendence is a right harmony of \u03a6 suites even in nature; every single beautiful thing is made by a \u03a6 dovetailing elements, even us!! \u00ab\u00a0Life imitates Art far more than Art imitates Life\u00a0\u00bb (1).<br \/>\nWe look more healthy and more attractive if we are proportionally \u03a6 made. That\u2019s it! I was trying to find a rational response and it brought to me by an irrational number with no equivalent fraction and its decimal keeps going and never stops. Does this means that beauty is balanced on the edge of eternity? May be the Lebanese Gibran Khalil Gibran was right when he said \u00ab\u00a0Beauty is eternity gazing at itself in a mirror\u00a0\u00bb (2) and may be it\u2019s the answer of the tireless motivation of our patients to stay young, which is not unpleasant for our business.<\/p>\n<p class=\"parag\">(may be also that\u2019s why I like the Red hot chilli papers song \u00ab\u00a0californication\u00a0\u00bb: \u00ab\u00a0Pay your surgeon very well; To break the signs of aging; Celebrity skin is this your chin; Or is it war your waging,\u2026\u00a0\u00bb It\u2019s my favourite chorus line : ) )<br \/>\nWe want to stay young in order to stay beautiful and of course we have to respect the \u00ab\u00a0golden ratio\u00a0\u00bb! What a dazzling trueness!! But why sometimes we do like others even if they are old or \u00ab\u00a0really ugly\u00a0\u00bb? It doesn\u2019t make sense? The response came to me from France after reading Diderot and I totally agree with this French philosopher\u2019s thought (3). Roughly, do you think that I like you because you\u2019re beautiful, or you\u2019re beautiful because I like you? The vision of beauty also changes with emotions and experiences and that\u2019s why in Tunisia we used to say \u00ab\u00a0Even a monkey looks like a gazelle in his mom\u2019s eyes\u00a0\u00bb, the only question that torments me now is why I heard that from my mummy?<br \/>\nAnyway, I think it\u2019s also a matter of Fashion! If we observe the Austrian Willendorf venus 24000 BC we can guess another type of \u00ab\u00a0fatty\u00a0\u00bbbeauty totally different from nowadays. May be the mentalities are not the same and change from a centaury to another and from a decade to another!<\/p>\n<p>[\/vc_column_text][vc_row_inner equal_height=&#8221;yes&#8221; content_placement=&#8221;middle&#8221;][vc_column_inner width=&#8221;1\/4&#8243;][vc_single_image image=&#8221;2455&#8243; img_size=&#8221;full&#8221;][\/vc_column_inner][vc_column_inner width=&#8221;3\/4&#8243;][vc_column_text]Remember, when The famous actress Fanny Brice did a rhinoplasty 5 years after the end of the first world war, all the united states newspapers screamed shame!<br \/>\n\u00ab\u00a0how she could change a hallmark of her religion like her Jewish nose?\u00a0\u00bb but 40 years later when Barbara Streisand appeared in \u00ab\u00a0Funny girl\u00a0\u00bb with her Jewish nose, all the critics said: \u00ab\u00a0but why didn\u2019t she get a rhinoplasty??\u00a0\u00bb[\/vc_column_text][\/vc_column_inner][\/vc_row_inner][vc_column_text]Man, Be in Vogue and Stay Rogue, you\u2019ll be in tune with a silicone enriched bra but denied from Silicon valley\u2026bro! The bad boy attitude is back so you\u2019ll deserve your pin-up rescue in spite of your pea IQ. It\u2019s sometimes not fair for the gentlemen, but it\u2019s like this. It\u2019s obvious to observe that in our consumer society, beauty is nested with sex appealing otherwise why we load lips with injections till the \u00ab\u00a0labia shape\u00a0\u00bb. Just put a cigar and you\u2019ll get your best dressed to the nines shake shack hot dog\u2026and nothing else\u2026 twisted minds![\/vc_column_text][vc_row_inner equal_height=&#8221;yes&#8221; content_placement=&#8221;middle&#8221;][vc_column_inner width=&#8221;3\/4&#8243;][vc_column_text]I really hope you found this metaphor pretty common and vulgar because this is how I found some aesthetic procedure results. We are supposed to extract, re invent beauty and this requires the right decision, the right procedure and the right patient in the right conditions. These are the safety guidelines for all of the board certified plastic surgeons and this is how it has to be, always.<br \/>\nHollywood, TV shows, Magazines set the tone during all the last centaury and gave us the ground rules to follow and they get back generously some frightful excesses on the screen but this snowball effect engulfed all the globe and generated a youth and obsessed celebrity culture thirsty with new procedures. Botulinum toxin, hyaluronic acid injections and other cost-effective drugs are obviously kindly pleasant for our holidays planning and in the name of beautification we do not absolutely feel guilty dealers<br \/>\nbut we have to confess that we invented the \u00ab\u00a0no age\u00a0\u00bb generation![\/vc_column_text][\/vc_column_inner][vc_column_inner width=&#8221;1\/4&#8243;][vc_single_image image=&#8221;2456&#8243; img_size=&#8221;full&#8221; alignment=&#8221;right&#8221;][\/vc_column_inner][\/vc_row_inner][vc_single_image image=&#8221;2457&#8243; img_size=&#8221;full&#8221; alignment=&#8221;center&#8221;][vc_column_text]<\/p>\n<p class=\"parag\">Too much, too often and in too many places and it doesn\u2019t matter if it looks fake, frozen without any expression the most important thing is to continue smiling hypocritically and to say: it\u2019s beautiful!!<br \/>\nI think it\u2019s time for plastic surgeons to give their rules and their beauty criteria they have inherited from their knowledge and experiences and spread tastefully these standards from Hollywood to Bollywood and from Cosmo to Vogue in order to protect what is the most important for us: Beauty.<\/p>\n<p class=\"parag\">1) The decay of lying: Oscar Wilde, The Nineteenth Century;1889.<br \/>\n2) The Prophet:Gibran Khalil Gibran (\u062c\u0628\u0631\u0627\u0646 \u062e\u0644\u064a\u0644 \u062c\u0628\u0631\u0627\u0646). Alfred A. Knopf;1923.<br \/>\n3) Trait\u00e9 du beau:Denis Diderot vol6,1772.<\/p>\n<p>[\/vc_column_text][\/vc_column][\/vc_row]<\/p>\n","protected":false},"excerpt":{"rendered":"<p>[vc_row full_width=&#8221;stretch_row_content_no_spaces&#8221; css=&#8221;.vc_custom_1573118188482{padding-top: 35px !important;background-position: 0 0 !important;background-repeat: no-repeat !important;}&#8221;][vc_column][vc_column_text css_animation=&#8221;slideInUp&#8221;] &#8220;\u0627\u0644\u062c\u0645\u0627\u0644 \u0647\u0648 \u0639\u0644\u0645 \u0627\u0644\u062a\u0646\u0627\u0633\u0628&#8221; &#8220;\u0625\u0630\u0627 \u0643\u0627\u0646 \u0627\u0644\u062c\u0645\u0627\u0644 \u0628\u062d\u062b \u0646\u0633\u0628\u064a<\/p>\n","protected":false},"author":1,"featured_media":0,"parent":0,"menu_order":0,"comment_status":"closed","ping_status":"closed","template":"","meta":{"inline_featured_image":false},"yst_prominent_words":[],"_links":{"self":[{"href":"https:\/\/www.drkotti.com\/ar\/wp-json\/wp\/v2\/pages\/1782"}],"collection":[{"href":"https:\/\/www.drkotti.com\/ar\/wp-json\/wp\/v2\/pages"}],"about":[{"href":"https:\/\/www.drkotti.com\/ar\/wp-json\/wp\/v2\/types\/page"}],"author":[{"embeddable":true,"href":"https:\/\/www.drkotti.com\/ar\/wp-json\/wp\/v2\/users\/1"}],"replies":[{"embeddable":true,"href":"https:\/\/www.drkotti.com\/ar\/wp-json\/wp\/v2\/comments?post=1782"}],"version-history":[{"count":0,"href":"https:\/\/www.drkotti.com\/ar\/wp-json\/wp\/v2\/pages\/1782\/revisions"}],"wp:attachment":[{"href":"https:\/\/www.drkotti.com\/ar\/wp-json\/wp\/v2\/media?parent=1782"}],"wp:term":[{"taxonomy":"yst_prominent_words","embeddable":true,"href":"https:\/\/www.drkotti.com\/ar\/wp-json\/wp\/v2\/yst_prominent_words?post=1782"}],"curies":[{"name":"wp","href":"https:\/\/api.w.org\/{rel}","templated":true}]}}