{"id":1232,"date":"2019-08-01T15:29:18","date_gmt":"2019-08-01T13:29:18","guid":{"rendered":"http:\/\/www.drkotti.com\/?page_id=1232"},"modified":"2020-01-29T13:50:55","modified_gmt":"2020-01-29T12:50:55","slug":"blepharoplastie","status":"publish","type":"page","link":"https:\/\/www.drkotti.com\/fr\/face\/blepharoplastie\/","title":{"rendered":"Bl\u00e9pharoplastie"},"content":{"rendered":"<p>[vc_row][vc_column][vc_column_text]Une bl\u00e9pharoplastie se propose de corriger les signes de vieillissement pr\u00e9sents au niveau des paupi\u00e8res et de remplacer l\u2019aspect \u00ab\u00a0fatigu\u00e9\u00a0\u00bb du regard par une apparence plus repos\u00e9e et d\u00e9tendue.[\/vc_column_text][\/vc_column][\/vc_row]<br \/>\n[vc_row][vc_column width=&#8221;1\/2&#8243;]<div id=\"cz_72569\" class=\"cz_72569 cz_image_comparison_slider\">\n\t\t\t<figure class=\"cz_image_container is_visible\"><img width=\"550\" height=\"208\" src=\"data:image\/svg+xml,%3Csvg%20xmlns%3D&#39;http%3A%2F%2Fwww.w3.org%2F2000%2Fsvg&#39;%20width=&#39;550&#39;%20height=&#39;208&#39;%20viewBox%3D&#39;0%200%20550%20208&#39;%2F%3E\" data-czlz data-src=\"https:\/\/www.drkotti.com\/wp-content\/uploads\/2020\/01\/Eyes-rejuvenation-after0.jpg\" class=\"attachment-full\" alt=\"Eyes-rejuvenation\" loading=\"lazy\" data-srcset=\"https:\/\/www.drkotti.com\/wp-content\/uploads\/2020\/01\/Eyes-rejuvenation-after0.jpg 550w, https:\/\/www.drkotti.com\/wp-content\/uploads\/2020\/01\/Eyes-rejuvenation-after0-300x113.jpg 300w, https:\/\/www.drkotti.com\/wp-content\/uploads\/2020\/01\/Eyes-rejuvenation-after0-125x47.jpg 125w, https:\/\/www.drkotti.com\/wp-content\/uploads\/2020\/01\/Eyes-rejuvenation-after0-75x28.jpg 75w, https:\/\/www.drkotti.com\/wp-content\/uploads\/2020\/01\/Eyes-rejuvenation-after0-200x76.jpg 200w\" sizes=\"(max-width: 550px) 100vw, 550px\" \/>\n\t\t\t\t<span class=\"cz_image_label\" data-type=\"original\">After<\/span>\n\t\t\t\t<div class=\"cz_resize_img\"><img width=\"550\" height=\"208\" src=\"data:image\/svg+xml,%3Csvg%20xmlns%3D&#39;http%3A%2F%2Fwww.w3.org%2F2000%2Fsvg&#39;%20width=&#39;550&#39;%20height=&#39;208&#39;%20viewBox%3D&#39;0%200%20550%20208&#39;%2F%3E\" data-czlz data-src=\"https:\/\/www.drkotti.com\/wp-content\/uploads\/2020\/01\/Eyes-rejuvenation-before0.jpg\" class=\"attachment-full\" alt=\"Eyes-rejuvenation\" loading=\"lazy\" data-srcset=\"https:\/\/www.drkotti.com\/wp-content\/uploads\/2020\/01\/Eyes-rejuvenation-before0.jpg 550w, https:\/\/www.drkotti.com\/wp-content\/uploads\/2020\/01\/Eyes-rejuvenation-before0-300x113.jpg 300w, https:\/\/www.drkotti.com\/wp-content\/uploads\/2020\/01\/Eyes-rejuvenation-before0-125x47.jpg 125w, https:\/\/www.drkotti.com\/wp-content\/uploads\/2020\/01\/Eyes-rejuvenation-before0-75x28.jpg 75w, https:\/\/www.drkotti.com\/wp-content\/uploads\/2020\/01\/Eyes-rejuvenation-before0-200x76.jpg 200w\" sizes=\"(max-width: 550px) 100vw, 550px\" \/>\n\t\t\t\t\t<span class=\"cz_image_label\" data-type=\"modified\">Before<\/span>\n\t\t\t\t<\/div>\n\t\t\t\t<span class=\"cz_handle\"><\/span>\n\t\t\t<\/figure>\n\t\t<\/div>[\/vc_column][vc_column width=&#8221;1\/2&#8243;]<div id=\"cz_78335\" class=\"cz_78335 cz_image_comparison_slider\">\n\t\t\t<figure class=\"cz_image_container is_visible\"><img width=\"550\" height=\"208\" src=\"data:image\/svg+xml,%3Csvg%20xmlns%3D&#39;http%3A%2F%2Fwww.w3.org%2F2000%2Fsvg&#39;%20width=&#39;550&#39;%20height=&#39;208&#39;%20viewBox%3D&#39;0%200%20550%20208&#39;%2F%3E\" data-czlz data-src=\"https:\/\/www.drkotti.com\/wp-content\/uploads\/2020\/01\/Eyes-rejuvenation-after-1.jpg\" class=\"attachment-full\" alt=\"Eyes rejuvenation\" loading=\"lazy\" data-srcset=\"https:\/\/www.drkotti.com\/wp-content\/uploads\/2020\/01\/Eyes-rejuvenation-after-1.jpg 550w, https:\/\/www.drkotti.com\/wp-content\/uploads\/2020\/01\/Eyes-rejuvenation-after-1-300x113.jpg 300w, https:\/\/www.drkotti.com\/wp-content\/uploads\/2020\/01\/Eyes-rejuvenation-after-1-125x47.jpg 125w, https:\/\/www.drkotti.com\/wp-content\/uploads\/2020\/01\/Eyes-rejuvenation-after-1-75x28.jpg 75w, https:\/\/www.drkotti.com\/wp-content\/uploads\/2020\/01\/Eyes-rejuvenation-after-1-200x76.jpg 200w\" sizes=\"(max-width: 550px) 100vw, 550px\" \/>\n\t\t\t\t<span class=\"cz_image_label\" data-type=\"original\">After<\/span>\n\t\t\t\t<div class=\"cz_resize_img\"><img width=\"550\" height=\"208\" src=\"data:image\/svg+xml,%3Csvg%20xmlns%3D&#39;http%3A%2F%2Fwww.w3.org%2F2000%2Fsvg&#39;%20width=&#39;550&#39;%20height=&#39;208&#39;%20viewBox%3D&#39;0%200%20550%20208&#39;%2F%3E\" data-czlz data-src=\"https:\/\/www.drkotti.com\/wp-content\/uploads\/2020\/01\/Eyes-rejuvenation-before1.jpg\" class=\"attachment-full\" alt=\"Eyes rejuvenation\" loading=\"lazy\" data-srcset=\"https:\/\/www.drkotti.com\/wp-content\/uploads\/2020\/01\/Eyes-rejuvenation-before1.jpg 550w, https:\/\/www.drkotti.com\/wp-content\/uploads\/2020\/01\/Eyes-rejuvenation-before1-300x113.jpg 300w, https:\/\/www.drkotti.com\/wp-content\/uploads\/2020\/01\/Eyes-rejuvenation-before1-125x47.jpg 125w, https:\/\/www.drkotti.com\/wp-content\/uploads\/2020\/01\/Eyes-rejuvenation-before1-75x28.jpg 75w, https:\/\/www.drkotti.com\/wp-content\/uploads\/2020\/01\/Eyes-rejuvenation-before1-200x76.jpg 200w\" sizes=\"(max-width: 550px) 100vw, 550px\" \/>\n\t\t\t\t\t<span class=\"cz_image_label\" data-type=\"modified\">Before<\/span>\n\t\t\t\t<\/div>\n\t\t\t\t<span class=\"cz_handle\"><\/span>\n\t\t\t<\/figure>\n\t\t<\/div>[\/vc_column][\/vc_row][vc_row][vc_column width=&#8221;1\/2&#8243;]<div id=\"cz_36639\" class=\"cz_36639 cz_image_comparison_slider\">\n\t\t\t<figure class=\"cz_image_container is_visible\"><img width=\"600\" height=\"800\" src=\"data:image\/svg+xml,%3Csvg%20xmlns%3D&#39;http%3A%2F%2Fwww.w3.org%2F2000%2Fsvg&#39;%20width=&#39;600&#39;%20height=&#39;800&#39;%20viewBox%3D&#39;0%200%20600%20800&#39;%2F%3E\" data-czlz data-src=\"https:\/\/www.drkotti.com\/wp-content\/uploads\/2020\/01\/Eyes-rejuvenation-after.jpg\" class=\"attachment-full\" alt=\"Eyes rejuvenation\" loading=\"lazy\" data-srcset=\"https:\/\/www.drkotti.com\/wp-content\/uploads\/2020\/01\/Eyes-rejuvenation-after.jpg 600w, https:\/\/www.drkotti.com\/wp-content\/uploads\/2020\/01\/Eyes-rejuvenation-after-225x300.jpg 225w, https:\/\/www.drkotti.com\/wp-content\/uploads\/2020\/01\/Eyes-rejuvenation-after-94x125.jpg 94w, https:\/\/www.drkotti.com\/wp-content\/uploads\/2020\/01\/Eyes-rejuvenation-after-56x75.jpg 56w, https:\/\/www.drkotti.com\/wp-content\/uploads\/2020\/01\/Eyes-rejuvenation-after-150x200.jpg 150w\" sizes=\"(max-width: 600px) 100vw, 600px\" \/>\n\t\t\t\t<span class=\"cz_image_label\" data-type=\"original\">After<\/span>\n\t\t\t\t<div class=\"cz_resize_img\"><img width=\"600\" height=\"800\" src=\"data:image\/svg+xml,%3Csvg%20xmlns%3D&#39;http%3A%2F%2Fwww.w3.org%2F2000%2Fsvg&#39;%20width=&#39;600&#39;%20height=&#39;800&#39;%20viewBox%3D&#39;0%200%20600%20800&#39;%2F%3E\" data-czlz data-src=\"https:\/\/www.drkotti.com\/wp-content\/uploads\/2020\/01\/Eyes-rejuvenation-before2.jpg\" class=\"attachment-full\" alt=\"Eyes rejuvenation\" loading=\"lazy\" data-srcset=\"https:\/\/www.drkotti.com\/wp-content\/uploads\/2020\/01\/Eyes-rejuvenation-before2.jpg 600w, https:\/\/www.drkotti.com\/wp-content\/uploads\/2020\/01\/Eyes-rejuvenation-before2-225x300.jpg 225w, https:\/\/www.drkotti.com\/wp-content\/uploads\/2020\/01\/Eyes-rejuvenation-before2-94x125.jpg 94w, https:\/\/www.drkotti.com\/wp-content\/uploads\/2020\/01\/Eyes-rejuvenation-before2-56x75.jpg 56w, https:\/\/www.drkotti.com\/wp-content\/uploads\/2020\/01\/Eyes-rejuvenation-before2-150x200.jpg 150w\" sizes=\"(max-width: 600px) 100vw, 600px\" \/>\n\t\t\t\t\t<span class=\"cz_image_label\" data-type=\"modified\">Before<\/span>\n\t\t\t\t<\/div>\n\t\t\t\t<span class=\"cz_handle\"><\/span>\n\t\t\t<\/figure>\n\t\t<\/div>[\/vc_column][vc_column width=&#8221;1\/2&#8243;]<div id=\"cz_29407\" class=\"cz_29407 cz_image_comparison_slider\">\n\t\t\t<figure class=\"cz_image_container is_visible\"><img width=\"600\" height=\"800\" src=\"data:image\/svg+xml,%3Csvg%20xmlns%3D&#39;http%3A%2F%2Fwww.w3.org%2F2000%2Fsvg&#39;%20width=&#39;600&#39;%20height=&#39;800&#39;%20viewBox%3D&#39;0%200%20600%20800&#39;%2F%3E\" data-czlz data-src=\"https:\/\/www.drkotti.com\/wp-content\/uploads\/2020\/01\/Eyes-rejuvenation-after3.jpg\" class=\"attachment-full\" alt=\"Eyes rejuvenation\" loading=\"lazy\" data-srcset=\"https:\/\/www.drkotti.com\/wp-content\/uploads\/2020\/01\/Eyes-rejuvenation-after3.jpg 600w, https:\/\/www.drkotti.com\/wp-content\/uploads\/2020\/01\/Eyes-rejuvenation-after3-225x300.jpg 225w, https:\/\/www.drkotti.com\/wp-content\/uploads\/2020\/01\/Eyes-rejuvenation-after3-94x125.jpg 94w, https:\/\/www.drkotti.com\/wp-content\/uploads\/2020\/01\/Eyes-rejuvenation-after3-56x75.jpg 56w, https:\/\/www.drkotti.com\/wp-content\/uploads\/2020\/01\/Eyes-rejuvenation-after3-150x200.jpg 150w\" sizes=\"(max-width: 600px) 100vw, 600px\" \/>\n\t\t\t\t<span class=\"cz_image_label\" data-type=\"original\">After<\/span>\n\t\t\t\t<div class=\"cz_resize_img\"><img width=\"600\" height=\"800\" src=\"data:image\/svg+xml,%3Csvg%20xmlns%3D&#39;http%3A%2F%2Fwww.w3.org%2F2000%2Fsvg&#39;%20width=&#39;600&#39;%20height=&#39;800&#39;%20viewBox%3D&#39;0%200%20600%20800&#39;%2F%3E\" data-czlz data-src=\"https:\/\/www.drkotti.com\/wp-content\/uploads\/2020\/01\/Eyes-rejuvenation-before3.jpg\" class=\"attachment-full\" alt=\"Eyes rejuvenation\" loading=\"lazy\" data-srcset=\"https:\/\/www.drkotti.com\/wp-content\/uploads\/2020\/01\/Eyes-rejuvenation-before3.jpg 600w, https:\/\/www.drkotti.com\/wp-content\/uploads\/2020\/01\/Eyes-rejuvenation-before3-225x300.jpg 225w, https:\/\/www.drkotti.com\/wp-content\/uploads\/2020\/01\/Eyes-rejuvenation-before3-94x125.jpg 94w, https:\/\/www.drkotti.com\/wp-content\/uploads\/2020\/01\/Eyes-rejuvenation-before3-56x75.jpg 56w, https:\/\/www.drkotti.com\/wp-content\/uploads\/2020\/01\/Eyes-rejuvenation-before3-150x200.jpg 150w\" sizes=\"(max-width: 600px) 100vw, 600px\" \/>\n\t\t\t\t\t<span class=\"cz_image_label\" data-type=\"modified\">Before<\/span>\n\t\t\t\t<\/div>\n\t\t\t\t<span class=\"cz_handle\"><\/span>\n\t\t\t<\/figure>\n\t\t<\/div>[\/vc_column][\/vc_row][vc_row][vc_column width=&#8221;1\/2&#8243;]<div id=\"cz_40860\" class=\"cz_40860 cz_image_comparison_slider\">\n\t\t\t<figure class=\"cz_image_container is_visible\"><img width=\"600\" height=\"800\" src=\"data:image\/svg+xml,%3Csvg%20xmlns%3D&#39;http%3A%2F%2Fwww.w3.org%2F2000%2Fsvg&#39;%20width=&#39;600&#39;%20height=&#39;800&#39;%20viewBox%3D&#39;0%200%20600%20800&#39;%2F%3E\" data-czlz data-src=\"https:\/\/www.drkotti.com\/wp-content\/uploads\/2020\/01\/Eyes-rejuvenation-after4.jpg\" class=\"attachment-full\" alt=\"Eyes-rejuvenation\" loading=\"lazy\" data-srcset=\"https:\/\/www.drkotti.com\/wp-content\/uploads\/2020\/01\/Eyes-rejuvenation-after4.jpg 600w, https:\/\/www.drkotti.com\/wp-content\/uploads\/2020\/01\/Eyes-rejuvenation-after4-225x300.jpg 225w, https:\/\/www.drkotti.com\/wp-content\/uploads\/2020\/01\/Eyes-rejuvenation-after4-94x125.jpg 94w, https:\/\/www.drkotti.com\/wp-content\/uploads\/2020\/01\/Eyes-rejuvenation-after4-56x75.jpg 56w, https:\/\/www.drkotti.com\/wp-content\/uploads\/2020\/01\/Eyes-rejuvenation-after4-150x200.jpg 150w\" sizes=\"(max-width: 600px) 100vw, 600px\" \/>\n\t\t\t\t<span class=\"cz_image_label\" data-type=\"original\">After<\/span>\n\t\t\t\t<div class=\"cz_resize_img\"><img width=\"600\" height=\"800\" src=\"data:image\/svg+xml,%3Csvg%20xmlns%3D&#39;http%3A%2F%2Fwww.w3.org%2F2000%2Fsvg&#39;%20width=&#39;600&#39;%20height=&#39;800&#39;%20viewBox%3D&#39;0%200%20600%20800&#39;%2F%3E\" data-czlz data-src=\"https:\/\/www.drkotti.com\/wp-content\/uploads\/2020\/01\/Eyes-rejuvenation-before4.jpg\" class=\"attachment-full\" alt=\"Eyes-rejuvenation\" loading=\"lazy\" data-srcset=\"https:\/\/www.drkotti.com\/wp-content\/uploads\/2020\/01\/Eyes-rejuvenation-before4.jpg 600w, https:\/\/www.drkotti.com\/wp-content\/uploads\/2020\/01\/Eyes-rejuvenation-before4-225x300.jpg 225w, https:\/\/www.drkotti.com\/wp-content\/uploads\/2020\/01\/Eyes-rejuvenation-before4-94x125.jpg 94w, https:\/\/www.drkotti.com\/wp-content\/uploads\/2020\/01\/Eyes-rejuvenation-before4-56x75.jpg 56w, https:\/\/www.drkotti.com\/wp-content\/uploads\/2020\/01\/Eyes-rejuvenation-before4-150x200.jpg 150w\" sizes=\"(max-width: 600px) 100vw, 600px\" \/>\n\t\t\t\t\t<span class=\"cz_image_label\" data-type=\"modified\">Before<\/span>\n\t\t\t\t<\/div>\n\t\t\t\t<span class=\"cz_handle\"><\/span>\n\t\t\t<\/figure>\n\t\t<\/div>[\/vc_column][vc_column width=&#8221;1\/2&#8243;]<div id=\"cz_33309\" class=\"cz_33309 cz_image_comparison_slider\">\n\t\t\t<figure class=\"cz_image_container is_visible\"><img width=\"600\" height=\"800\" src=\"data:image\/svg+xml,%3Csvg%20xmlns%3D&#39;http%3A%2F%2Fwww.w3.org%2F2000%2Fsvg&#39;%20width=&#39;600&#39;%20height=&#39;800&#39;%20viewBox%3D&#39;0%200%20600%20800&#39;%2F%3E\" data-czlz data-src=\"https:\/\/www.drkotti.com\/wp-content\/uploads\/2020\/01\/Eyes-rejuvenation-after5.jpg\" class=\"attachment-full\" alt=\"Eyes-rejuvenation\" loading=\"lazy\" data-srcset=\"https:\/\/www.drkotti.com\/wp-content\/uploads\/2020\/01\/Eyes-rejuvenation-after5.jpg 600w, https:\/\/www.drkotti.com\/wp-content\/uploads\/2020\/01\/Eyes-rejuvenation-after5-225x300.jpg 225w, https:\/\/www.drkotti.com\/wp-content\/uploads\/2020\/01\/Eyes-rejuvenation-after5-94x125.jpg 94w, https:\/\/www.drkotti.com\/wp-content\/uploads\/2020\/01\/Eyes-rejuvenation-after5-56x75.jpg 56w, https:\/\/www.drkotti.com\/wp-content\/uploads\/2020\/01\/Eyes-rejuvenation-after5-150x200.jpg 150w\" sizes=\"(max-width: 600px) 100vw, 600px\" \/>\n\t\t\t\t<span class=\"cz_image_label\" data-type=\"original\">After<\/span>\n\t\t\t\t<div class=\"cz_resize_img\"><img width=\"600\" height=\"800\" src=\"data:image\/svg+xml,%3Csvg%20xmlns%3D&#39;http%3A%2F%2Fwww.w3.org%2F2000%2Fsvg&#39;%20width=&#39;600&#39;%20height=&#39;800&#39;%20viewBox%3D&#39;0%200%20600%20800&#39;%2F%3E\" data-czlz data-src=\"https:\/\/www.drkotti.com\/wp-content\/uploads\/2020\/01\/Eyes-rejuvenation-before5.jpg\" class=\"attachment-full\" alt=\"Eyes-rejuvenation\" loading=\"lazy\" data-srcset=\"https:\/\/www.drkotti.com\/wp-content\/uploads\/2020\/01\/Eyes-rejuvenation-before5.jpg 600w, https:\/\/www.drkotti.com\/wp-content\/uploads\/2020\/01\/Eyes-rejuvenation-before5-225x300.jpg 225w, https:\/\/www.drkotti.com\/wp-content\/uploads\/2020\/01\/Eyes-rejuvenation-before5-94x125.jpg 94w, https:\/\/www.drkotti.com\/wp-content\/uploads\/2020\/01\/Eyes-rejuvenation-before5-56x75.jpg 56w, https:\/\/www.drkotti.com\/wp-content\/uploads\/2020\/01\/Eyes-rejuvenation-before5-150x200.jpg 150w\" sizes=\"(max-width: 600px) 100vw, 600px\" \/>\n\t\t\t\t\t<span class=\"cz_image_label\" data-type=\"modified\">Before<\/span>\n\t\t\t\t<\/div>\n\t\t\t\t<span class=\"cz_handle\"><\/span>\n\t\t\t<\/figure>\n\t\t<\/div>[\/vc_column][\/vc_row]<\/p><\/p>\n","protected":false},"excerpt":{"rendered":"<p>[vc_row][vc_column][vc_column_text]Une bl\u00e9pharoplastie se propose de corriger les signes de vieillissement pr\u00e9sents au niveau des paupi\u00e8res et de remplacer l\u2019aspect \u00ab\u00a0fatigu\u00e9\u00a0\u00bb<\/p>\n","protected":false},"author":1,"featured_media":1238,"parent":1091,"menu_order":0,"comment_status":"closed","ping_status":"closed","template":"","meta":{"inline_featured_image":false},"yst_prominent_words":[],"_links":{"self":[{"href":"https:\/\/www.drkotti.com\/fr\/wp-json\/wp\/v2\/pages\/1232"}],"collection":[{"href":"https:\/\/www.drkotti.com\/fr\/wp-json\/wp\/v2\/pages"}],"about":[{"href":"https:\/\/www.drkotti.com\/fr\/wp-json\/wp\/v2\/types\/page"}],"author":[{"embeddable":true,"href":"https:\/\/www.drkotti.com\/fr\/wp-json\/wp\/v2\/users\/1"}],"replies":[{"embeddable":true,"href":"https:\/\/www.drkotti.com\/fr\/wp-json\/wp\/v2\/comments?post=1232"}],"version-history":[{"count":0,"href":"https:\/\/www.drkotti.com\/fr\/wp-json\/wp\/v2\/pages\/1232\/revisions"}],"up":[{"embeddable":true,"href":"https:\/\/www.drkotti.com\/fr\/wp-json\/wp\/v2\/pages\/1091"}],"wp:featuredmedia":[{"embeddable":true,"href":"https:\/\/www.drkotti.com\/fr\/wp-json\/wp\/v2\/media\/1238"}],"wp:attachment":[{"href":"https:\/\/www.drkotti.com\/fr\/wp-json\/wp\/v2\/media?parent=1232"}],"wp:term":[{"taxonomy":"yst_prominent_words","embeddable":true,"href":"https:\/\/www.drkotti.com\/fr\/wp-json\/wp\/v2\/yst_prominent_words?post=1232"}],"curies":[{"name":"wp","href":"https:\/\/api.w.org\/{rel}","templated":true}]}}