{"id":1234,"date":"2019-08-01T15:33:49","date_gmt":"2019-08-01T13:33:49","guid":{"rendered":"http:\/\/www.drkotti.com\/?page_id=1234"},"modified":"2019-08-02T10:11:12","modified_gmt":"2019-08-02T08:11:12","slug":"chirurgie-du-regard","status":"publish","type":"page","link":"https:\/\/www.drkotti.com\/fr\/face\/chirurgie-du-regard\/","title":{"rendered":"Chirurgie du regard"},"content":{"rendered":"<p>[vc_row][vc_column][vc_column_text]La chirurgie d\u2019embellissement du regard est une chirurgie qui peut combiner plusieurs techniques m\u00e9dico chirurgicales \u00e0 savoir bl\u00e9pharoplastie, r\u00e9injection de graisse et ou de produits de comblement, injection de toxine botulinique avec parfois un lifting temporal et des sourcils. Un rajeunissement du regard s\u2019en suit avec disparition de l\u2019aspect fatigu\u00e9, vieilli, d\u00e9prim\u00e9 ou s\u00e9v\u00e8re.<\/p>\n<p>Demandez nous cette alternative lors de la consultation pour de plus amples d\u00e9tails.[\/vc_column_text][\/vc_column][\/vc_row]<\/p>\n","protected":false},"excerpt":{"rendered":"<p>[vc_row][vc_column][vc_column_text]La chirurgie d\u2019embellissement du regard est une chirurgie qui peut combiner plusieurs techniques m\u00e9dico chirurgicales \u00e0 savoir bl\u00e9pharoplastie, r\u00e9injection de<\/p>\n","protected":false},"author":1,"featured_media":1244,"parent":1091,"menu_order":0,"comment_status":"closed","ping_status":"closed","template":"","meta":{"inline_featured_image":false},"yst_prominent_words":[],"_links":{"self":[{"href":"https:\/\/www.drkotti.com\/fr\/wp-json\/wp\/v2\/pages\/1234"}],"collection":[{"href":"https:\/\/www.drkotti.com\/fr\/wp-json\/wp\/v2\/pages"}],"about":[{"href":"https:\/\/www.drkotti.com\/fr\/wp-json\/wp\/v2\/types\/page"}],"author":[{"embeddable":true,"href":"https:\/\/www.drkotti.com\/fr\/wp-json\/wp\/v2\/users\/1"}],"replies":[{"embeddable":true,"href":"https:\/\/www.drkotti.com\/fr\/wp-json\/wp\/v2\/comments?post=1234"}],"version-history":[{"count":0,"href":"https:\/\/www.drkotti.com\/fr\/wp-json\/wp\/v2\/pages\/1234\/revisions"}],"up":[{"embeddable":true,"href":"https:\/\/www.drkotti.com\/fr\/wp-json\/wp\/v2\/pages\/1091"}],"wp:featuredmedia":[{"embeddable":true,"href":"https:\/\/www.drkotti.com\/fr\/wp-json\/wp\/v2\/media\/1244"}],"wp:attachment":[{"href":"https:\/\/www.drkotti.com\/fr\/wp-json\/wp\/v2\/media?parent=1234"}],"wp:term":[{"taxonomy":"yst_prominent_words","embeddable":true,"href":"https:\/\/www.drkotti.com\/fr\/wp-json\/wp\/v2\/yst_prominent_words?post=1234"}],"curies":[{"name":"wp","href":"https:\/\/api.w.org\/{rel}","templated":true}]}}