{"id":1273,"date":"2019-08-02T09:33:27","date_gmt":"2019-08-02T07:33:27","guid":{"rendered":"http:\/\/www.drkotti.com\/?page_id=1273"},"modified":"2019-09-24T15:26:01","modified_gmt":"2019-09-24T13:26:01","slug":"rajeunissement-facial","status":"publish","type":"page","link":"https:\/\/www.drkotti.com\/fr\/face\/rajeunissement-facial\/","title":{"rendered":"Rajeunissement facial"},"content":{"rendered":"<p>[vc_row][vc_column][vc_column_text]Le vieillissement entra\u00eene une modification de la face, sous l\u2019effet de plusieurs ph\u00e9nom\u00e8nes :<\/p>\n<ul class=\"custom_ul\">\n<li>\u00a0Le rel\u00e2chement et l\u2019exc\u00e8s cutan\u00e9s,<\/li>\n<li>La descente des structures graisseuses,<\/li>\n<li>L\u2019accroissement des reliefs cartilagineux et osseux par effet visuel<\/li>\n<\/ul>\n<p>Le rajeunissement facial englobe plusieurs proc\u00e9d\u00e9s incluant chirurgie, m\u00e9decine esth\u00e9tique et touchant \u00e0 tous les \u00e9tages de la face. Le but et de gommer l\u2019effet du temps et de restaurer une tonicit\u00e9 musculaire et cutan\u00e9e perdue.<\/p>\n<p>Demandez \u00e0 votre chirurgien cette option, il vous guidera selon le diagnostic \u00e9tabli \u00e0 la meilleure conduite th\u00e9rapeutique.[\/vc_column_text][\/vc_column][\/vc_row][vc_row][vc_column width=&#8221;1\/6&#8243;][\/vc_column][vc_column width=&#8221;2\/3&#8243;]<div id=\"cz_43640\" class=\"cz_43640 cz_image_comparison_slider\">\n\t\t\t<figure class=\"cz_image_container is_visible\"><img width=\"960\" height=\"1280\" src=\"data:image\/svg+xml,%3Csvg%20xmlns%3D&#39;http%3A%2F%2Fwww.w3.org%2F2000%2Fsvg&#39;%20width=&#39;960&#39;%20height=&#39;1280&#39;%20viewBox%3D&#39;0%200%20960%201280&#39;%2F%3E\" data-czlz data-src=\"https:\/\/www.drkotti.com\/wp-content\/uploads\/2019\/09\/after_1.jpg\" class=\"attachment-full\" alt=\"face_rejuvenation\" loading=\"lazy\" data-srcset=\"https:\/\/www.drkotti.com\/wp-content\/uploads\/2019\/09\/after_1.jpg 960w, https:\/\/www.drkotti.com\/wp-content\/uploads\/2019\/09\/after_1-600x800.jpg 600w, https:\/\/www.drkotti.com\/wp-content\/uploads\/2019\/09\/after_1-225x300.jpg 225w, https:\/\/www.drkotti.com\/wp-content\/uploads\/2019\/09\/after_1-768x1024.jpg 768w, https:\/\/www.drkotti.com\/wp-content\/uploads\/2019\/09\/after_1-94x125.jpg 94w, https:\/\/www.drkotti.com\/wp-content\/uploads\/2019\/09\/after_1-56x75.jpg 56w, https:\/\/www.drkotti.com\/wp-content\/uploads\/2019\/09\/after_1-150x200.jpg 150w\" sizes=\"(max-width: 960px) 100vw, 960px\" \/>\n\t\t\t\t<span class=\"cz_image_label\" data-type=\"original\">After<\/span>\n\t\t\t\t<div class=\"cz_resize_img\"><img width=\"960\" height=\"1280\" src=\"data:image\/svg+xml,%3Csvg%20xmlns%3D&#39;http%3A%2F%2Fwww.w3.org%2F2000%2Fsvg&#39;%20width=&#39;960&#39;%20height=&#39;1280&#39;%20viewBox%3D&#39;0%200%20960%201280&#39;%2F%3E\" data-czlz data-src=\"https:\/\/www.drkotti.com\/wp-content\/uploads\/2019\/09\/before_1.jpg\" class=\"attachment-full\" alt=\"face_rejuvenation\" loading=\"lazy\" data-srcset=\"https:\/\/www.drkotti.com\/wp-content\/uploads\/2019\/09\/before_1.jpg 960w, https:\/\/www.drkotti.com\/wp-content\/uploads\/2019\/09\/before_1-600x800.jpg 600w, https:\/\/www.drkotti.com\/wp-content\/uploads\/2019\/09\/before_1-225x300.jpg 225w, https:\/\/www.drkotti.com\/wp-content\/uploads\/2019\/09\/before_1-768x1024.jpg 768w, https:\/\/www.drkotti.com\/wp-content\/uploads\/2019\/09\/before_1-94x125.jpg 94w, https:\/\/www.drkotti.com\/wp-content\/uploads\/2019\/09\/before_1-56x75.jpg 56w, https:\/\/www.drkotti.com\/wp-content\/uploads\/2019\/09\/before_1-150x200.jpg 150w\" sizes=\"(max-width: 960px) 100vw, 960px\" \/>\n\t\t\t\t\t<span class=\"cz_image_label\" data-type=\"modified\">Before<\/span>\n\t\t\t\t<\/div>\n\t\t\t\t<span class=\"cz_handle\"><\/span>\n\t\t\t<\/figure>\n\t\t<\/div><div id=\"cz_78770\" class=\"cz_78770 cz_image_comparison_slider\">\n\t\t\t<figure class=\"cz_image_container is_visible\"><img width=\"960\" height=\"1280\" src=\"data:image\/svg+xml,%3Csvg%20xmlns%3D&#39;http%3A%2F%2Fwww.w3.org%2F2000%2Fsvg&#39;%20width=&#39;960&#39;%20height=&#39;1280&#39;%20viewBox%3D&#39;0%200%20960%201280&#39;%2F%3E\" data-czlz data-src=\"https:\/\/www.drkotti.com\/wp-content\/uploads\/2019\/09\/face-rejuvenation-after-2-1.jpg\" class=\"attachment-full\" alt=\"face_rejuvenation\" loading=\"lazy\" data-srcset=\"https:\/\/www.drkotti.com\/wp-content\/uploads\/2019\/09\/face-rejuvenation-after-2-1.jpg 960w, https:\/\/www.drkotti.com\/wp-content\/uploads\/2019\/09\/face-rejuvenation-after-2-1-600x800.jpg 600w, https:\/\/www.drkotti.com\/wp-content\/uploads\/2019\/09\/face-rejuvenation-after-2-1-225x300.jpg 225w, https:\/\/www.drkotti.com\/wp-content\/uploads\/2019\/09\/face-rejuvenation-after-2-1-768x1024.jpg 768w, https:\/\/www.drkotti.com\/wp-content\/uploads\/2019\/09\/face-rejuvenation-after-2-1-94x125.jpg 94w, https:\/\/www.drkotti.com\/wp-content\/uploads\/2019\/09\/face-rejuvenation-after-2-1-56x75.jpg 56w, https:\/\/www.drkotti.com\/wp-content\/uploads\/2019\/09\/face-rejuvenation-after-2-1-150x200.jpg 150w\" sizes=\"(max-width: 960px) 100vw, 960px\" \/>\n\t\t\t\t<span class=\"cz_image_label\" data-type=\"original\">After<\/span>\n\t\t\t\t<div class=\"cz_resize_img\"><img width=\"960\" height=\"1280\" src=\"data:image\/svg+xml,%3Csvg%20xmlns%3D&#39;http%3A%2F%2Fwww.w3.org%2F2000%2Fsvg&#39;%20width=&#39;960&#39;%20height=&#39;1280&#39;%20viewBox%3D&#39;0%200%20960%201280&#39;%2F%3E\" data-czlz data-src=\"https:\/\/www.drkotti.com\/wp-content\/uploads\/2019\/09\/face_rejuvenation-before-2.jpg\" class=\"attachment-full\" alt=\"face_rejuvenation\" loading=\"lazy\" data-srcset=\"https:\/\/www.drkotti.com\/wp-content\/uploads\/2019\/09\/face_rejuvenation-before-2.jpg 960w, https:\/\/www.drkotti.com\/wp-content\/uploads\/2019\/09\/face_rejuvenation-before-2-600x800.jpg 600w, https:\/\/www.drkotti.com\/wp-content\/uploads\/2019\/09\/face_rejuvenation-before-2-225x300.jpg 225w, https:\/\/www.drkotti.com\/wp-content\/uploads\/2019\/09\/face_rejuvenation-before-2-768x1024.jpg 768w, https:\/\/www.drkotti.com\/wp-content\/uploads\/2019\/09\/face_rejuvenation-before-2-94x125.jpg 94w, https:\/\/www.drkotti.com\/wp-content\/uploads\/2019\/09\/face_rejuvenation-before-2-56x75.jpg 56w, https:\/\/www.drkotti.com\/wp-content\/uploads\/2019\/09\/face_rejuvenation-before-2-150x200.jpg 150w\" sizes=\"(max-width: 960px) 100vw, 960px\" \/>\n\t\t\t\t\t<span class=\"cz_image_label\" data-type=\"modified\">Before<\/span>\n\t\t\t\t<\/div>\n\t\t\t\t<span class=\"cz_handle\"><\/span>\n\t\t\t<\/figure>\n\t\t<\/div><div id=\"cz_96622\" class=\"cz_96622 cz_image_comparison_slider\">\n\t\t\t<figure class=\"cz_image_container is_visible\"><img width=\"960\" height=\"1280\" src=\"data:image\/svg+xml,%3Csvg%20xmlns%3D&#39;http%3A%2F%2Fwww.w3.org%2F2000%2Fsvg&#39;%20width=&#39;960&#39;%20height=&#39;1280&#39;%20viewBox%3D&#39;0%200%20960%201280&#39;%2F%3E\" data-czlz data-src=\"https:\/\/www.drkotti.com\/wp-content\/uploads\/2019\/09\/after_3.jpg\" class=\"attachment-full\" alt=\"face_rejuvenation\" loading=\"lazy\" data-srcset=\"https:\/\/www.drkotti.com\/wp-content\/uploads\/2019\/09\/after_3.jpg 960w, https:\/\/www.drkotti.com\/wp-content\/uploads\/2019\/09\/after_3-600x800.jpg 600w, https:\/\/www.drkotti.com\/wp-content\/uploads\/2019\/09\/after_3-225x300.jpg 225w, https:\/\/www.drkotti.com\/wp-content\/uploads\/2019\/09\/after_3-768x1024.jpg 768w, https:\/\/www.drkotti.com\/wp-content\/uploads\/2019\/09\/after_3-94x125.jpg 94w, https:\/\/www.drkotti.com\/wp-content\/uploads\/2019\/09\/after_3-56x75.jpg 56w, https:\/\/www.drkotti.com\/wp-content\/uploads\/2019\/09\/after_3-150x200.jpg 150w\" sizes=\"(max-width: 960px) 100vw, 960px\" \/>\n\t\t\t\t<span class=\"cz_image_label\" data-type=\"original\">After<\/span>\n\t\t\t\t<div class=\"cz_resize_img\"><img width=\"960\" height=\"1280\" src=\"data:image\/svg+xml,%3Csvg%20xmlns%3D&#39;http%3A%2F%2Fwww.w3.org%2F2000%2Fsvg&#39;%20width=&#39;960&#39;%20height=&#39;1280&#39;%20viewBox%3D&#39;0%200%20960%201280&#39;%2F%3E\" data-czlz data-src=\"https:\/\/www.drkotti.com\/wp-content\/uploads\/2019\/09\/before_3.jpg\" class=\"attachment-full\" alt=\"face_rejuvenation\" loading=\"lazy\" data-srcset=\"https:\/\/www.drkotti.com\/wp-content\/uploads\/2019\/09\/before_3.jpg 960w, https:\/\/www.drkotti.com\/wp-content\/uploads\/2019\/09\/before_3-600x800.jpg 600w, https:\/\/www.drkotti.com\/wp-content\/uploads\/2019\/09\/before_3-225x300.jpg 225w, https:\/\/www.drkotti.com\/wp-content\/uploads\/2019\/09\/before_3-768x1024.jpg 768w, https:\/\/www.drkotti.com\/wp-content\/uploads\/2019\/09\/before_3-94x125.jpg 94w, https:\/\/www.drkotti.com\/wp-content\/uploads\/2019\/09\/before_3-56x75.jpg 56w, https:\/\/www.drkotti.com\/wp-content\/uploads\/2019\/09\/before_3-150x200.jpg 150w\" sizes=\"(max-width: 960px) 100vw, 960px\" \/>\n\t\t\t\t\t<span class=\"cz_image_label\" data-type=\"modified\">Before<\/span>\n\t\t\t\t<\/div>\n\t\t\t\t<span class=\"cz_handle\"><\/span>\n\t\t\t<\/figure>\n\t\t<\/div>[\/vc_column][vc_column width=&#8221;1\/6&#8243;][\/vc_column][\/vc_row]<\/p>\n","protected":false},"excerpt":{"rendered":"<p>[vc_row][vc_column][vc_column_text]Le vieillissement entra\u00eene une modification de la face, sous l\u2019effet de plusieurs ph\u00e9nom\u00e8nes : \u00a0Le rel\u00e2chement et l\u2019exc\u00e8s cutan\u00e9s, La<\/p>\n","protected":false},"author":1,"featured_media":1281,"parent":1091,"menu_order":0,"comment_status":"closed","ping_status":"closed","template":"","meta":{"inline_featured_image":false},"yst_prominent_words":[],"_links":{"self":[{"href":"https:\/\/www.drkotti.com\/fr\/wp-json\/wp\/v2\/pages\/1273"}],"collection":[{"href":"https:\/\/www.drkotti.com\/fr\/wp-json\/wp\/v2\/pages"}],"about":[{"href":"https:\/\/www.drkotti.com\/fr\/wp-json\/wp\/v2\/types\/page"}],"author":[{"embeddable":true,"href":"https:\/\/www.drkotti.com\/fr\/wp-json\/wp\/v2\/users\/1"}],"replies":[{"embeddable":true,"href":"https:\/\/www.drkotti.com\/fr\/wp-json\/wp\/v2\/comments?post=1273"}],"version-history":[{"count":0,"href":"https:\/\/www.drkotti.com\/fr\/wp-json\/wp\/v2\/pages\/1273\/revisions"}],"up":[{"embeddable":true,"href":"https:\/\/www.drkotti.com\/fr\/wp-json\/wp\/v2\/pages\/1091"}],"wp:featuredmedia":[{"embeddable":true,"href":"https:\/\/www.drkotti.com\/fr\/wp-json\/wp\/v2\/media\/1281"}],"wp:attachment":[{"href":"https:\/\/www.drkotti.com\/fr\/wp-json\/wp\/v2\/media?parent=1273"}],"wp:term":[{"taxonomy":"yst_prominent_words","embeddable":true,"href":"https:\/\/www.drkotti.com\/fr\/wp-json\/wp\/v2\/yst_prominent_words?post=1273"}],"curies":[{"name":"wp","href":"https:\/\/api.w.org\/{rel}","templated":true}]}}