{"id":1275,"date":"2019-08-02T09:28:06","date_gmt":"2019-08-02T07:28:06","guid":{"rendered":"http:\/\/www.drkotti.com\/?page_id=1275"},"modified":"2019-08-02T09:28:06","modified_gmt":"2019-08-02T07:28:06","slug":"lifting-temporal-non-endoscopique","status":"publish","type":"page","link":"https:\/\/www.drkotti.com\/fr\/face\/lifting-temporal-non-endoscopique\/","title":{"rendered":"Lifting temporal non endoscopique"},"content":{"rendered":"<p>[vc_row][vc_column][vc_column_text]Cette intervention permet de traiter l\u2019affaissement de la partie lat\u00e9rale du sourcil, de d\u00e9plisser la patte d\u2019oie et de mettre l\u00e9g\u00e8rement en tension la peau de la partie externe des paupi\u00e8res.<\/p>\n<p>Elle n\u2019a pas pour but de modifier les traits mais de replacer les structures anatomiques, en particulier la queue du sourcil dans la position qui \u00e9tait la sienne quelques ann\u00e9es auparavant.[\/vc_column_text][\/vc_column][\/vc_row]<\/p>\n","protected":false},"excerpt":{"rendered":"<p>[vc_row][vc_column][vc_column_text]Cette intervention permet de traiter l\u2019affaissement de la partie lat\u00e9rale du sourcil, de d\u00e9plisser la patte d\u2019oie et de mettre<\/p>\n","protected":false},"author":1,"featured_media":1277,"parent":1091,"menu_order":0,"comment_status":"closed","ping_status":"closed","template":"","meta":{"inline_featured_image":false},"yst_prominent_words":[],"_links":{"self":[{"href":"https:\/\/www.drkotti.com\/fr\/wp-json\/wp\/v2\/pages\/1275"}],"collection":[{"href":"https:\/\/www.drkotti.com\/fr\/wp-json\/wp\/v2\/pages"}],"about":[{"href":"https:\/\/www.drkotti.com\/fr\/wp-json\/wp\/v2\/types\/page"}],"author":[{"embeddable":true,"href":"https:\/\/www.drkotti.com\/fr\/wp-json\/wp\/v2\/users\/1"}],"replies":[{"embeddable":true,"href":"https:\/\/www.drkotti.com\/fr\/wp-json\/wp\/v2\/comments?post=1275"}],"version-history":[{"count":0,"href":"https:\/\/www.drkotti.com\/fr\/wp-json\/wp\/v2\/pages\/1275\/revisions"}],"up":[{"embeddable":true,"href":"https:\/\/www.drkotti.com\/fr\/wp-json\/wp\/v2\/pages\/1091"}],"wp:featuredmedia":[{"embeddable":true,"href":"https:\/\/www.drkotti.com\/fr\/wp-json\/wp\/v2\/media\/1277"}],"wp:attachment":[{"href":"https:\/\/www.drkotti.com\/fr\/wp-json\/wp\/v2\/media?parent=1275"}],"wp:term":[{"taxonomy":"yst_prominent_words","embeddable":true,"href":"https:\/\/www.drkotti.com\/fr\/wp-json\/wp\/v2\/yst_prominent_words?post=1275"}],"curies":[{"name":"wp","href":"https:\/\/api.w.org\/{rel}","templated":true}]}}