{"id":1287,"date":"2019-08-02T09:46:19","date_gmt":"2019-08-02T07:46:19","guid":{"rendered":"http:\/\/www.drkotti.com\/?page_id=1287"},"modified":"2019-08-02T09:46:19","modified_gmt":"2019-08-02T07:46:19","slug":"profiloplastie","status":"publish","type":"page","link":"https:\/\/www.drkotti.com\/fr\/face\/profiloplastie\/","title":{"rendered":"Profiloplastie"},"content":{"rendered":"<p>[vc_row][vc_column][vc_column_text]La recherche d\u2019une am\u00e9lioration globale dans le profil est parfois indiqu\u00e9e. La rhinoplastie peut s\u2019accompagner d\u2019un transfert graisseux ou \u00e0 l\u2019inverse d\u2019une lipoaspiration, de la mise en place d\u2019implants faciaux ou de la redistribution des volumes.<\/p>\n<p>Ainsi, les pommettes ou le menton peuvent retrouver un \u00e9quilibre et un profil plus harmonieux. Dans les cas plus complexes, une chirurgie maxillo-faciale pour modifier les proportions des os du visage est envisag\u00e9e.<\/p>\n<p>Certains cas ne n\u00e9cessitent pas de chirurgie mais d\u2019une simple injection d\u2019acide hyaluronique pour am\u00e9liorer une petite bosse sur le dos ou un aspect d\u00e9vi\u00e9 du nez.[\/vc_column_text][\/vc_column][\/vc_row]<\/p>\n","protected":false},"excerpt":{"rendered":"<p>[vc_row][vc_column][vc_column_text]La recherche d\u2019une am\u00e9lioration globale dans le profil est parfois indiqu\u00e9e. La rhinoplastie peut s\u2019accompagner d\u2019un transfert graisseux ou \u00e0<\/p>\n","protected":false},"author":1,"featured_media":1294,"parent":1091,"menu_order":0,"comment_status":"closed","ping_status":"closed","template":"","meta":{"inline_featured_image":false},"yst_prominent_words":[],"_links":{"self":[{"href":"https:\/\/www.drkotti.com\/fr\/wp-json\/wp\/v2\/pages\/1287"}],"collection":[{"href":"https:\/\/www.drkotti.com\/fr\/wp-json\/wp\/v2\/pages"}],"about":[{"href":"https:\/\/www.drkotti.com\/fr\/wp-json\/wp\/v2\/types\/page"}],"author":[{"embeddable":true,"href":"https:\/\/www.drkotti.com\/fr\/wp-json\/wp\/v2\/users\/1"}],"replies":[{"embeddable":true,"href":"https:\/\/www.drkotti.com\/fr\/wp-json\/wp\/v2\/comments?post=1287"}],"version-history":[{"count":0,"href":"https:\/\/www.drkotti.com\/fr\/wp-json\/wp\/v2\/pages\/1287\/revisions"}],"up":[{"embeddable":true,"href":"https:\/\/www.drkotti.com\/fr\/wp-json\/wp\/v2\/pages\/1091"}],"wp:featuredmedia":[{"embeddable":true,"href":"https:\/\/www.drkotti.com\/fr\/wp-json\/wp\/v2\/media\/1294"}],"wp:attachment":[{"href":"https:\/\/www.drkotti.com\/fr\/wp-json\/wp\/v2\/media?parent=1287"}],"wp:term":[{"taxonomy":"yst_prominent_words","embeddable":true,"href":"https:\/\/www.drkotti.com\/fr\/wp-json\/wp\/v2\/yst_prominent_words?post=1287"}],"curies":[{"name":"wp","href":"https:\/\/api.w.org\/{rel}","templated":true}]}}