{"id":1302,"date":"2019-08-02T10:32:59","date_gmt":"2019-08-02T08:32:59","guid":{"rendered":"http:\/\/www.drkotti.com\/?page_id=1302"},"modified":"2020-01-29T11:46:11","modified_gmt":"2020-01-29T10:46:11","slug":"chirurgie-de-lhypertrophie-mammaire","status":"publish","type":"page","link":"https:\/\/www.drkotti.com\/fr\/seins\/chirurgie-de-lhypertrophie-mammaire\/","title":{"rendered":"Chirurgie de l\u2019hypertrophie mammaire"},"content":{"rendered":"<p>[vc_row][vc_column][vc_column_text]L\u2019intervention chirurgicale a pour but la r\u00e9duction du volume des seins, la correction de la ptose et d\u2019une \u00e9ventuelle asym\u00e9trie, afin d\u2019obtenir deux seins harmonieux en eux-m\u00eames et par rapport \u00e0 la morphologie de la patiente (deux seins r\u00e9duits, ascensionn\u00e9s, sym\u00e9tris\u00e9s et remodel\u00e9s).<\/p>\n<h3>Le r\u00e9sultat<\/h3>\n<p>Il ne peut \u00eatre jug\u00e9 qu\u2019\u00e0 partir d\u2019un an apr\u00e8s l\u2019intervention: la poitrine a alors le plus souvent un galbe harmonieux, sym\u00e9trique ou tr\u00e8s proche de la sym\u00e9trie, et naturel. Au-del\u00e0 de l\u2019am\u00e9lioration locale, cette intervention a en g\u00e9n\u00e9ral un retentissement favorable sur l\u2019\u00e9quilibre du poids, la pratique des sports, les possibilit\u00e9s vestimentaires et l\u2019\u00e9tat psychologique.<\/p>\n<p>Il convient simplement d\u2019avoir la patience d\u2019attendre le d\u00e9lai n\u00e9cessaire \u00e0 l\u2019att\u00e9nuation des cicatrices et d\u2019observer pendant cette p\u00e9riode une bonne surveillance, au rythme<br \/>\nd\u2019une consultation environ tous les trois \u00e0 six mois pendant un an. Le sein op\u00e9r\u00e9 est un sein qui reste naturel et sensible, notamment aux variations hormonales et pond\u00e9rales.<\/p>\n<p>Le but de cette chirurgie est d\u2019apporter une am\u00e9lioration et non pas d\u2019atteindre la perfection. Si vos souhaits sont r\u00e9alistes, le r\u00e9sultat obtenu devrait vous donner une grande satisfaction.[\/vc_column_text][vc_column_text]<a class=\"pdf_link\" href=\"http:\/\/www.drkotti.com\/pdf\/chirurgie-hypertrophie-mammaire.pdf\" target=\"_blank\" rel=\"noopener noreferrer\">T\u00e9l\u00e9charger le pdf <i class=\"fa fa-angle-double-right\"><\/i><\/a>[\/vc_column_text][\/vc_column][\/vc_row]<br \/>\n[vc_row][vc_column width=&#8221;1\/2&#8243;]<div id=\"cz_41523\" class=\"cz_41523 cz_image_comparison_slider\">\n\t\t\t<figure class=\"cz_image_container is_visible\"><img width=\"600\" height=\"800\" src=\"data:image\/svg+xml,%3Csvg%20xmlns%3D&#39;http%3A%2F%2Fwww.w3.org%2F2000%2Fsvg&#39;%20width=&#39;600&#39;%20height=&#39;800&#39;%20viewBox%3D&#39;0%200%20600%20800&#39;%2F%3E\" data-czlz data-src=\"https:\/\/www.drkotti.com\/wp-content\/uploads\/2020\/01\/breast-reduction-after-1.jpg\" class=\"attachment-full\" alt=\"breast-reduction\" loading=\"lazy\" data-srcset=\"https:\/\/www.drkotti.com\/wp-content\/uploads\/2020\/01\/breast-reduction-after-1.jpg 600w, https:\/\/www.drkotti.com\/wp-content\/uploads\/2020\/01\/breast-reduction-after-1-225x300.jpg 225w, https:\/\/www.drkotti.com\/wp-content\/uploads\/2020\/01\/breast-reduction-after-1-94x125.jpg 94w, https:\/\/www.drkotti.com\/wp-content\/uploads\/2020\/01\/breast-reduction-after-1-56x75.jpg 56w, https:\/\/www.drkotti.com\/wp-content\/uploads\/2020\/01\/breast-reduction-after-1-150x200.jpg 150w\" sizes=\"(max-width: 600px) 100vw, 600px\" \/>\n\t\t\t\t<span class=\"cz_image_label\" data-type=\"original\">After<\/span>\n\t\t\t\t<div class=\"cz_resize_img\"><img width=\"600\" height=\"800\" src=\"data:image\/svg+xml,%3Csvg%20xmlns%3D&#39;http%3A%2F%2Fwww.w3.org%2F2000%2Fsvg&#39;%20width=&#39;600&#39;%20height=&#39;800&#39;%20viewBox%3D&#39;0%200%20600%20800&#39;%2F%3E\" data-czlz data-src=\"https:\/\/www.drkotti.com\/wp-content\/uploads\/2020\/01\/breast-reduction-before-1.jpg\" class=\"attachment-full\" alt=\"breast-reduction\" loading=\"lazy\" data-srcset=\"https:\/\/www.drkotti.com\/wp-content\/uploads\/2020\/01\/breast-reduction-before-1.jpg 600w, https:\/\/www.drkotti.com\/wp-content\/uploads\/2020\/01\/breast-reduction-before-1-225x300.jpg 225w, https:\/\/www.drkotti.com\/wp-content\/uploads\/2020\/01\/breast-reduction-before-1-94x125.jpg 94w, https:\/\/www.drkotti.com\/wp-content\/uploads\/2020\/01\/breast-reduction-before-1-56x75.jpg 56w, https:\/\/www.drkotti.com\/wp-content\/uploads\/2020\/01\/breast-reduction-before-1-150x200.jpg 150w\" sizes=\"(max-width: 600px) 100vw, 600px\" \/>\n\t\t\t\t\t<span class=\"cz_image_label\" data-type=\"modified\">Before<\/span>\n\t\t\t\t<\/div>\n\t\t\t\t<span class=\"cz_handle\"><\/span>\n\t\t\t<\/figure>\n\t\t<\/div>[\/vc_column][vc_column width=&#8221;1\/2&#8243;]<div id=\"cz_12247\" class=\"cz_12247 cz_image_comparison_slider\">\n\t\t\t<figure class=\"cz_image_container is_visible\"><img width=\"600\" height=\"800\" src=\"data:image\/svg+xml,%3Csvg%20xmlns%3D&#39;http%3A%2F%2Fwww.w3.org%2F2000%2Fsvg&#39;%20width=&#39;600&#39;%20height=&#39;800&#39;%20viewBox%3D&#39;0%200%20600%20800&#39;%2F%3E\" data-czlz data-src=\"https:\/\/www.drkotti.com\/wp-content\/uploads\/2020\/01\/breast-reduction-after-2.jpg\" class=\"attachment-full\" alt=\"breast-reduction\" loading=\"lazy\" data-srcset=\"https:\/\/www.drkotti.com\/wp-content\/uploads\/2020\/01\/breast-reduction-after-2.jpg 600w, https:\/\/www.drkotti.com\/wp-content\/uploads\/2020\/01\/breast-reduction-after-2-225x300.jpg 225w, https:\/\/www.drkotti.com\/wp-content\/uploads\/2020\/01\/breast-reduction-after-2-94x125.jpg 94w, https:\/\/www.drkotti.com\/wp-content\/uploads\/2020\/01\/breast-reduction-after-2-56x75.jpg 56w, https:\/\/www.drkotti.com\/wp-content\/uploads\/2020\/01\/breast-reduction-after-2-150x200.jpg 150w\" sizes=\"(max-width: 600px) 100vw, 600px\" \/>\n\t\t\t\t<span class=\"cz_image_label\" data-type=\"original\">After<\/span>\n\t\t\t\t<div class=\"cz_resize_img\"><img width=\"600\" height=\"800\" src=\"data:image\/svg+xml,%3Csvg%20xmlns%3D&#39;http%3A%2F%2Fwww.w3.org%2F2000%2Fsvg&#39;%20width=&#39;600&#39;%20height=&#39;800&#39;%20viewBox%3D&#39;0%200%20600%20800&#39;%2F%3E\" data-czlz data-src=\"https:\/\/www.drkotti.com\/wp-content\/uploads\/2020\/01\/breast-reduction-before-2.jpg\" class=\"attachment-full\" alt=\"breast-reduction\" loading=\"lazy\" data-srcset=\"https:\/\/www.drkotti.com\/wp-content\/uploads\/2020\/01\/breast-reduction-before-2.jpg 600w, https:\/\/www.drkotti.com\/wp-content\/uploads\/2020\/01\/breast-reduction-before-2-225x300.jpg 225w, https:\/\/www.drkotti.com\/wp-content\/uploads\/2020\/01\/breast-reduction-before-2-94x125.jpg 94w, https:\/\/www.drkotti.com\/wp-content\/uploads\/2020\/01\/breast-reduction-before-2-56x75.jpg 56w, https:\/\/www.drkotti.com\/wp-content\/uploads\/2020\/01\/breast-reduction-before-2-150x200.jpg 150w\" sizes=\"(max-width: 600px) 100vw, 600px\" \/>\n\t\t\t\t\t<span class=\"cz_image_label\" data-type=\"modified\">Before<\/span>\n\t\t\t\t<\/div>\n\t\t\t\t<span class=\"cz_handle\"><\/span>\n\t\t\t<\/figure>\n\t\t<\/div>[\/vc_column][\/vc_row][vc_row][vc_column width=&#8221;1\/2&#8243;]<div id=\"cz_56648\" class=\"cz_56648 cz_image_comparison_slider\">\n\t\t\t<figure class=\"cz_image_container is_visible\"><img width=\"600\" height=\"800\" src=\"data:image\/svg+xml,%3Csvg%20xmlns%3D&#39;http%3A%2F%2Fwww.w3.org%2F2000%2Fsvg&#39;%20width=&#39;600&#39;%20height=&#39;800&#39;%20viewBox%3D&#39;0%200%20600%20800&#39;%2F%3E\" data-czlz data-src=\"https:\/\/www.drkotti.com\/wp-content\/uploads\/2020\/01\/breast-reduction-after3.jpg\" class=\"attachment-full\" alt=\"breast-reduction\" loading=\"lazy\" data-srcset=\"https:\/\/www.drkotti.com\/wp-content\/uploads\/2020\/01\/breast-reduction-after3.jpg 600w, https:\/\/www.drkotti.com\/wp-content\/uploads\/2020\/01\/breast-reduction-after3-225x300.jpg 225w, https:\/\/www.drkotti.com\/wp-content\/uploads\/2020\/01\/breast-reduction-after3-94x125.jpg 94w, https:\/\/www.drkotti.com\/wp-content\/uploads\/2020\/01\/breast-reduction-after3-56x75.jpg 56w, https:\/\/www.drkotti.com\/wp-content\/uploads\/2020\/01\/breast-reduction-after3-150x200.jpg 150w\" sizes=\"(max-width: 600px) 100vw, 600px\" \/>\n\t\t\t\t<span class=\"cz_image_label\" data-type=\"original\">After<\/span>\n\t\t\t\t<div class=\"cz_resize_img\"><img width=\"600\" height=\"800\" src=\"data:image\/svg+xml,%3Csvg%20xmlns%3D&#39;http%3A%2F%2Fwww.w3.org%2F2000%2Fsvg&#39;%20width=&#39;600&#39;%20height=&#39;800&#39;%20viewBox%3D&#39;0%200%20600%20800&#39;%2F%3E\" data-czlz data-src=\"https:\/\/www.drkotti.com\/wp-content\/uploads\/2020\/01\/breast-reduction-before3.jpg\" class=\"attachment-full\" alt=\"breast-reduction\" loading=\"lazy\" data-srcset=\"https:\/\/www.drkotti.com\/wp-content\/uploads\/2020\/01\/breast-reduction-before3.jpg 600w, https:\/\/www.drkotti.com\/wp-content\/uploads\/2020\/01\/breast-reduction-before3-225x300.jpg 225w, https:\/\/www.drkotti.com\/wp-content\/uploads\/2020\/01\/breast-reduction-before3-94x125.jpg 94w, https:\/\/www.drkotti.com\/wp-content\/uploads\/2020\/01\/breast-reduction-before3-56x75.jpg 56w, https:\/\/www.drkotti.com\/wp-content\/uploads\/2020\/01\/breast-reduction-before3-150x200.jpg 150w\" sizes=\"(max-width: 600px) 100vw, 600px\" \/>\n\t\t\t\t\t<span class=\"cz_image_label\" data-type=\"modified\">Before<\/span>\n\t\t\t\t<\/div>\n\t\t\t\t<span class=\"cz_handle\"><\/span>\n\t\t\t<\/figure>\n\t\t<\/div>[\/vc_column][vc_column width=&#8221;1\/2&#8243;]<div id=\"cz_37377\" class=\"cz_37377 cz_image_comparison_slider\">\n\t\t\t<figure class=\"cz_image_container is_visible\"><img width=\"600\" height=\"800\" src=\"data:image\/svg+xml,%3Csvg%20xmlns%3D&#39;http%3A%2F%2Fwww.w3.org%2F2000%2Fsvg&#39;%20width=&#39;600&#39;%20height=&#39;800&#39;%20viewBox%3D&#39;0%200%20600%20800&#39;%2F%3E\" data-czlz data-src=\"https:\/\/www.drkotti.com\/wp-content\/uploads\/2020\/01\/breast-reduction-after4.jpg\" class=\"attachment-full\" alt=\"breast-reduction\" loading=\"lazy\" data-srcset=\"https:\/\/www.drkotti.com\/wp-content\/uploads\/2020\/01\/breast-reduction-after4.jpg 600w, https:\/\/www.drkotti.com\/wp-content\/uploads\/2020\/01\/breast-reduction-after4-225x300.jpg 225w, https:\/\/www.drkotti.com\/wp-content\/uploads\/2020\/01\/breast-reduction-after4-94x125.jpg 94w, https:\/\/www.drkotti.com\/wp-content\/uploads\/2020\/01\/breast-reduction-after4-56x75.jpg 56w, https:\/\/www.drkotti.com\/wp-content\/uploads\/2020\/01\/breast-reduction-after4-150x200.jpg 150w\" sizes=\"(max-width: 600px) 100vw, 600px\" \/>\n\t\t\t\t<span class=\"cz_image_label\" data-type=\"original\">After<\/span>\n\t\t\t\t<div class=\"cz_resize_img\"><img width=\"600\" height=\"800\" src=\"data:image\/svg+xml,%3Csvg%20xmlns%3D&#39;http%3A%2F%2Fwww.w3.org%2F2000%2Fsvg&#39;%20width=&#39;600&#39;%20height=&#39;800&#39;%20viewBox%3D&#39;0%200%20600%20800&#39;%2F%3E\" data-czlz data-src=\"https:\/\/www.drkotti.com\/wp-content\/uploads\/2020\/01\/breast-reduction-before4.jpg\" class=\"attachment-full\" alt=\"breast-reduction\" loading=\"lazy\" data-srcset=\"https:\/\/www.drkotti.com\/wp-content\/uploads\/2020\/01\/breast-reduction-before4.jpg 600w, https:\/\/www.drkotti.com\/wp-content\/uploads\/2020\/01\/breast-reduction-before4-225x300.jpg 225w, https:\/\/www.drkotti.com\/wp-content\/uploads\/2020\/01\/breast-reduction-before4-94x125.jpg 94w, https:\/\/www.drkotti.com\/wp-content\/uploads\/2020\/01\/breast-reduction-before4-56x75.jpg 56w, https:\/\/www.drkotti.com\/wp-content\/uploads\/2020\/01\/breast-reduction-before4-150x200.jpg 150w\" sizes=\"(max-width: 600px) 100vw, 600px\" \/>\n\t\t\t\t\t<span class=\"cz_image_label\" data-type=\"modified\">Before<\/span>\n\t\t\t\t<\/div>\n\t\t\t\t<span class=\"cz_handle\"><\/span>\n\t\t\t<\/figure>\n\t\t<\/div>[\/vc_column][\/vc_row][vc_row][vc_column width=&#8221;1\/2&#8243;]<div id=\"cz_44787\" class=\"cz_44787 cz_image_comparison_slider\">\n\t\t\t<figure class=\"cz_image_container is_visible\"><img width=\"600\" height=\"800\" src=\"data:image\/svg+xml,%3Csvg%20xmlns%3D&#39;http%3A%2F%2Fwww.w3.org%2F2000%2Fsvg&#39;%20width=&#39;600&#39;%20height=&#39;800&#39;%20viewBox%3D&#39;0%200%20600%20800&#39;%2F%3E\" data-czlz data-src=\"https:\/\/www.drkotti.com\/wp-content\/uploads\/2020\/01\/breast-reduction-after5.jpg\" class=\"attachment-full\" alt=\"breast-reduction\" loading=\"lazy\" data-srcset=\"https:\/\/www.drkotti.com\/wp-content\/uploads\/2020\/01\/breast-reduction-after5.jpg 600w, https:\/\/www.drkotti.com\/wp-content\/uploads\/2020\/01\/breast-reduction-after5-225x300.jpg 225w, https:\/\/www.drkotti.com\/wp-content\/uploads\/2020\/01\/breast-reduction-after5-94x125.jpg 94w, https:\/\/www.drkotti.com\/wp-content\/uploads\/2020\/01\/breast-reduction-after5-56x75.jpg 56w, https:\/\/www.drkotti.com\/wp-content\/uploads\/2020\/01\/breast-reduction-after5-150x200.jpg 150w\" sizes=\"(max-width: 600px) 100vw, 600px\" \/>\n\t\t\t\t<span class=\"cz_image_label\" data-type=\"original\">After<\/span>\n\t\t\t\t<div class=\"cz_resize_img\"><img width=\"600\" height=\"800\" src=\"data:image\/svg+xml,%3Csvg%20xmlns%3D&#39;http%3A%2F%2Fwww.w3.org%2F2000%2Fsvg&#39;%20width=&#39;600&#39;%20height=&#39;800&#39;%20viewBox%3D&#39;0%200%20600%20800&#39;%2F%3E\" data-czlz data-src=\"https:\/\/www.drkotti.com\/wp-content\/uploads\/2020\/01\/breast-reduction-before5.jpg\" class=\"attachment-full\" alt=\"breast-reduction\" loading=\"lazy\" data-srcset=\"https:\/\/www.drkotti.com\/wp-content\/uploads\/2020\/01\/breast-reduction-before5.jpg 600w, https:\/\/www.drkotti.com\/wp-content\/uploads\/2020\/01\/breast-reduction-before5-225x300.jpg 225w, https:\/\/www.drkotti.com\/wp-content\/uploads\/2020\/01\/breast-reduction-before5-94x125.jpg 94w, https:\/\/www.drkotti.com\/wp-content\/uploads\/2020\/01\/breast-reduction-before5-56x75.jpg 56w, https:\/\/www.drkotti.com\/wp-content\/uploads\/2020\/01\/breast-reduction-before5-150x200.jpg 150w\" sizes=\"(max-width: 600px) 100vw, 600px\" \/>\n\t\t\t\t\t<span class=\"cz_image_label\" data-type=\"modified\">Before<\/span>\n\t\t\t\t<\/div>\n\t\t\t\t<span class=\"cz_handle\"><\/span>\n\t\t\t<\/figure>\n\t\t<\/div>[\/vc_column][vc_column width=&#8221;1\/2&#8243;]<div id=\"cz_95970\" class=\"cz_95970 cz_image_comparison_slider\">\n\t\t\t<figure class=\"cz_image_container is_visible\"><img width=\"600\" height=\"800\" src=\"data:image\/svg+xml,%3Csvg%20xmlns%3D&#39;http%3A%2F%2Fwww.w3.org%2F2000%2Fsvg&#39;%20width=&#39;600&#39;%20height=&#39;800&#39;%20viewBox%3D&#39;0%200%20600%20800&#39;%2F%3E\" data-czlz data-src=\"https:\/\/www.drkotti.com\/wp-content\/uploads\/2020\/01\/breast-reduction-after6.jpg\" class=\"attachment-full\" alt=\"breast-reduction\" loading=\"lazy\" data-srcset=\"https:\/\/www.drkotti.com\/wp-content\/uploads\/2020\/01\/breast-reduction-after6.jpg 600w, https:\/\/www.drkotti.com\/wp-content\/uploads\/2020\/01\/breast-reduction-after6-225x300.jpg 225w, https:\/\/www.drkotti.com\/wp-content\/uploads\/2020\/01\/breast-reduction-after6-94x125.jpg 94w, https:\/\/www.drkotti.com\/wp-content\/uploads\/2020\/01\/breast-reduction-after6-56x75.jpg 56w, https:\/\/www.drkotti.com\/wp-content\/uploads\/2020\/01\/breast-reduction-after6-150x200.jpg 150w\" sizes=\"(max-width: 600px) 100vw, 600px\" \/>\n\t\t\t\t<span class=\"cz_image_label\" data-type=\"original\">After<\/span>\n\t\t\t\t<div class=\"cz_resize_img\"><img width=\"600\" height=\"800\" src=\"data:image\/svg+xml,%3Csvg%20xmlns%3D&#39;http%3A%2F%2Fwww.w3.org%2F2000%2Fsvg&#39;%20width=&#39;600&#39;%20height=&#39;800&#39;%20viewBox%3D&#39;0%200%20600%20800&#39;%2F%3E\" data-czlz data-src=\"https:\/\/www.drkotti.com\/wp-content\/uploads\/2020\/01\/breast-reduction-before6.jpg\" class=\"attachment-full\" alt=\"breast-reduction\" loading=\"lazy\" data-srcset=\"https:\/\/www.drkotti.com\/wp-content\/uploads\/2020\/01\/breast-reduction-before6.jpg 600w, https:\/\/www.drkotti.com\/wp-content\/uploads\/2020\/01\/breast-reduction-before6-225x300.jpg 225w, https:\/\/www.drkotti.com\/wp-content\/uploads\/2020\/01\/breast-reduction-before6-94x125.jpg 94w, https:\/\/www.drkotti.com\/wp-content\/uploads\/2020\/01\/breast-reduction-before6-56x75.jpg 56w, https:\/\/www.drkotti.com\/wp-content\/uploads\/2020\/01\/breast-reduction-before6-150x200.jpg 150w\" sizes=\"(max-width: 600px) 100vw, 600px\" \/>\n\t\t\t\t\t<span class=\"cz_image_label\" data-type=\"modified\">Before<\/span>\n\t\t\t\t<\/div>\n\t\t\t\t<span class=\"cz_handle\"><\/span>\n\t\t\t<\/figure>\n\t\t<\/div>[\/vc_column][\/vc_row]<\/p>\n","protected":false},"excerpt":{"rendered":"<p>[vc_row][vc_column][vc_column_text]L\u2019intervention chirurgicale a pour but la r\u00e9duction du volume des seins, la correction de la ptose et d\u2019une \u00e9ventuelle asym\u00e9trie,<\/p>\n","protected":false},"author":1,"featured_media":1329,"parent":1201,"menu_order":0,"comment_status":"closed","ping_status":"closed","template":"","meta":{"inline_featured_image":false},"yst_prominent_words":[],"_links":{"self":[{"href":"https:\/\/www.drkotti.com\/fr\/wp-json\/wp\/v2\/pages\/1302"}],"collection":[{"href":"https:\/\/www.drkotti.com\/fr\/wp-json\/wp\/v2\/pages"}],"about":[{"href":"https:\/\/www.drkotti.com\/fr\/wp-json\/wp\/v2\/types\/page"}],"author":[{"embeddable":true,"href":"https:\/\/www.drkotti.com\/fr\/wp-json\/wp\/v2\/users\/1"}],"replies":[{"embeddable":true,"href":"https:\/\/www.drkotti.com\/fr\/wp-json\/wp\/v2\/comments?post=1302"}],"version-history":[{"count":0,"href":"https:\/\/www.drkotti.com\/fr\/wp-json\/wp\/v2\/pages\/1302\/revisions"}],"up":[{"embeddable":true,"href":"https:\/\/www.drkotti.com\/fr\/wp-json\/wp\/v2\/pages\/1201"}],"wp:featuredmedia":[{"embeddable":true,"href":"https:\/\/www.drkotti.com\/fr\/wp-json\/wp\/v2\/media\/1329"}],"wp:attachment":[{"href":"https:\/\/www.drkotti.com\/fr\/wp-json\/wp\/v2\/media?parent=1302"}],"wp:term":[{"taxonomy":"yst_prominent_words","embeddable":true,"href":"https:\/\/www.drkotti.com\/fr\/wp-json\/wp\/v2\/yst_prominent_words?post=1302"}],"curies":[{"name":"wp","href":"https:\/\/api.w.org\/{rel}","templated":true}]}}