{"id":1340,"date":"2019-08-02T10:45:21","date_gmt":"2019-08-02T08:45:21","guid":{"rendered":"http:\/\/www.drkotti.com\/?page_id=1340"},"modified":"2019-08-20T14:54:50","modified_gmt":"2019-08-20T12:54:50","slug":"lipofilling-ou-lipomodelage-des-seins","status":"publish","type":"page","link":"https:\/\/www.drkotti.com\/fr\/seins\/lipofilling-ou-lipomodelage-des-seins\/","title":{"rendered":"Lipofilling ou lipomodelage des seins"},"content":{"rendered":"<p>[vc_row][vc_column][vc_column_text]L\u2019injection de graisse au niveau des seins a fait couler beaucoup d\u2019encre ces derni\u00e8res ann\u00e9es. Il s\u2019agit de faire un 1<sup>er<\/sup>\u00a0temps de lipoaspiration au niveau de certaines zones donneuses, de pr\u00e9parer la graisse et de la r\u00e9injecter au niveau des seins.<\/p>\n<p>Cette m\u00e9thode utilis\u00e9e au d\u00e9but pour des reconstructions mammaires a aussi \u00e9t\u00e9 utilis\u00e9e pour la chirurgie esth\u00e9tique pure. Il est toutefois n\u00e9cessaire de parler avec votre chirurgien sur l\u2019\u00e9ventuelle possibilit\u00e9 de le faire\u00a0 en rapport avec votre situation sanitaire, votre \u00e2ge et la l\u00e9gislation du pays.<\/p>\n<h3>Le r\u00e9sultat<\/h3>\n<p>En terme de volume, il est appr\u00e9ci\u00e9 dans un d\u00e9lai de 3 \u00e0 6 mois apr\u00e8s l\u2019intervention.<br \/>\nA plus long terme, des effets positifs sur la qualit\u00e9 de la peau mammaire irradi\u00e9e sont remarquables (am\u00e9lioration de la souplesse, diminution des colorations brunes et partiellement des t\u00e9lengiectasies (dilatations capillaires).<\/p>\n<p>La silhouette est \u00e9galement am\u00e9lior\u00e9e gr\u00e2ce \u00e0 la lipoaspiration des zones de pr\u00e9l\u00e8vement (hanches, abdomen, culotte de cheval, genoux).[\/vc_column_text][vc_column_text]<a class=\"pdf_link\" href=\"http:\/\/www.drkotti.com\/pdf\/lipostructure-des-seins.pdf\" target=\"_blank\" rel=\"noopener noreferrer\">T\u00e9l\u00e9charger le pdf <i class=\"fa fa-angle-double-right\"><\/i><\/a>[\/vc_column_text][\/vc_column][\/vc_row]<\/p>\n","protected":false},"excerpt":{"rendered":"<p>[vc_row][vc_column][vc_column_text]L\u2019injection de graisse au niveau des seins a fait couler beaucoup d\u2019encre ces derni\u00e8res ann\u00e9es. Il s\u2019agit de faire un<\/p>\n","protected":false},"author":1,"featured_media":1342,"parent":1201,"menu_order":0,"comment_status":"closed","ping_status":"closed","template":"","meta":{"inline_featured_image":false},"yst_prominent_words":[],"_links":{"self":[{"href":"https:\/\/www.drkotti.com\/fr\/wp-json\/wp\/v2\/pages\/1340"}],"collection":[{"href":"https:\/\/www.drkotti.com\/fr\/wp-json\/wp\/v2\/pages"}],"about":[{"href":"https:\/\/www.drkotti.com\/fr\/wp-json\/wp\/v2\/types\/page"}],"author":[{"embeddable":true,"href":"https:\/\/www.drkotti.com\/fr\/wp-json\/wp\/v2\/users\/1"}],"replies":[{"embeddable":true,"href":"https:\/\/www.drkotti.com\/fr\/wp-json\/wp\/v2\/comments?post=1340"}],"version-history":[{"count":0,"href":"https:\/\/www.drkotti.com\/fr\/wp-json\/wp\/v2\/pages\/1340\/revisions"}],"up":[{"embeddable":true,"href":"https:\/\/www.drkotti.com\/fr\/wp-json\/wp\/v2\/pages\/1201"}],"wp:featuredmedia":[{"embeddable":true,"href":"https:\/\/www.drkotti.com\/fr\/wp-json\/wp\/v2\/media\/1342"}],"wp:attachment":[{"href":"https:\/\/www.drkotti.com\/fr\/wp-json\/wp\/v2\/media?parent=1340"}],"wp:term":[{"taxonomy":"yst_prominent_words","embeddable":true,"href":"https:\/\/www.drkotti.com\/fr\/wp-json\/wp\/v2\/yst_prominent_words?post=1340"}],"curies":[{"name":"wp","href":"https:\/\/api.w.org\/{rel}","templated":true}]}}