{"id":1344,"date":"2019-08-02T11:16:02","date_gmt":"2019-08-02T09:16:02","guid":{"rendered":"http:\/\/www.drkotti.com\/?page_id=1344"},"modified":"2020-01-28T14:39:47","modified_gmt":"2020-01-28T13:39:47","slug":"chirurgie-de-la-paroi-abdominale","status":"publish","type":"page","link":"https:\/\/www.drkotti.com\/fr\/corps\/chirurgie-de-la-paroi-abdominale\/","title":{"rendered":"Chirurgie de la paroi abdominale"},"content":{"rendered":"<p>[vc_row][vc_column][vc_column_text]Le but d\u2019une telle intervention est d\u2019enlever la peau la plus ab\u00eem\u00e9e (distendue, cicatricielle ou vergetur\u00e9e) et de retendre la peau saine p\u00e9riph\u00e9rique.<br \/>\nElle peut \u00eatre une mini intervention type mini abdominoplastie ou une abdominoplastie avec transposition de l\u2019ombilic ou avec confection d\u2019un n\u00e9o ombilic.<\/p>\n<p>Votre chirurgien vous guidera sur la n\u00e9cessit\u00e9 d\u2019une lipoas piration concomitante pour avoir un galbe harmonieux au final.<\/p>\n<h3>Le r\u00e9sultat<\/h3>\n<p>Il ne peut \u00eatre jug\u00e9 qu\u2019\u00e0 partir d\u2019un an apr\u00e8s l\u2019intervention. Il convient, en effet, d\u2019avoir la patience d\u2019attendre le d\u00e9lai n\u00e9cessaire \u00e0 l\u2019att\u00e9nuation de la cicatrice et de r\u00e9aliser pendant cette p\u00e9riode une bonne surveillance au rythme d\u2019une consultation environ tous les 3 mois pendant 1 an.<\/p>\n<p>En ce qui concerne la cicatrice, il faut savoir que, si elle s\u2019estompe bien en g\u00e9n\u00e9ral avec le temps, elle ne saurait dispara\u00eetre compl\u00e8tement. A cet \u00e9gard, il ne faut pas oublier que, si c\u2019est le chirurgien qui r\u00e9alise les sutures, la cicatrice, elle, est le fait du (de la) patient(e).<\/p>\n<p>Au-del\u00e0 de l\u2019am\u00e9lioration esth\u00e9tique qui est souvent appr\u00e9ciable, les plasties abdominales apportent en r\u00e8gle g\u00e9n\u00e9rale \u00e0 la patiente (ou patient) une am\u00e9lioration tr\u00e8s<br \/>\nnette en ce qui concerne le confort.<\/p>\n<p>De plus, cette am\u00e9lioration fonctionnelle et le mieux \u00eatre psychologique aident la patiente ou le patient dans l\u2019ajustement de leur \u00e9quilibre pond\u00e9ral.[\/vc_column_text][vc_column_text]<a class=\"pdf_link\" href=\"http:\/\/www.drkotti.com\/pdf\/11-CPE-paroi-abdominale.pdf\" target=\"_blank\" rel=\"noopener noreferrer\">T\u00e9l\u00e9charger le pdf <i class=\"fa fa-angle-double-right\"><\/i><\/a>[\/vc_column_text][\/vc_column][\/vc_row][vc_row css=&#8221;.vc_custom_1579703408523{margin-bottom: 35px !important;}&#8221;][vc_column width=&#8221;1\/2&#8243;]<div id=\"cz_89132\" class=\"cz_89132 cz_image_comparison_slider\">\n\t\t\t<figure class=\"cz_image_container is_visible\"><img width=\"600\" height=\"800\" src=\"data:image\/svg+xml,%3Csvg%20xmlns%3D&#39;http%3A%2F%2Fwww.w3.org%2F2000%2Fsvg&#39;%20width=&#39;600&#39;%20height=&#39;800&#39;%20viewBox%3D&#39;0%200%20600%20800&#39;%2F%3E\" data-czlz data-src=\"https:\/\/www.drkotti.com\/wp-content\/uploads\/2020\/01\/paroi-abdominale-after-1.jpg\" class=\"attachment-full\" alt=\"paroi abdominale\" loading=\"lazy\" data-srcset=\"https:\/\/www.drkotti.com\/wp-content\/uploads\/2020\/01\/paroi-abdominale-after-1.jpg 600w, https:\/\/www.drkotti.com\/wp-content\/uploads\/2020\/01\/paroi-abdominale-after-1-225x300.jpg 225w, https:\/\/www.drkotti.com\/wp-content\/uploads\/2020\/01\/paroi-abdominale-after-1-94x125.jpg 94w, https:\/\/www.drkotti.com\/wp-content\/uploads\/2020\/01\/paroi-abdominale-after-1-56x75.jpg 56w, https:\/\/www.drkotti.com\/wp-content\/uploads\/2020\/01\/paroi-abdominale-after-1-150x200.jpg 150w\" sizes=\"(max-width: 600px) 100vw, 600px\" \/>\n\t\t\t\t<span class=\"cz_image_label\" data-type=\"original\">After<\/span>\n\t\t\t\t<div class=\"cz_resize_img\"><img width=\"600\" height=\"800\" src=\"data:image\/svg+xml,%3Csvg%20xmlns%3D&#39;http%3A%2F%2Fwww.w3.org%2F2000%2Fsvg&#39;%20width=&#39;600&#39;%20height=&#39;800&#39;%20viewBox%3D&#39;0%200%20600%20800&#39;%2F%3E\" data-czlz data-src=\"https:\/\/www.drkotti.com\/wp-content\/uploads\/2020\/01\/paroi-abdominale-before-1.jpg\" class=\"attachment-full\" alt=\"paroi abdominale\" loading=\"lazy\" data-srcset=\"https:\/\/www.drkotti.com\/wp-content\/uploads\/2020\/01\/paroi-abdominale-before-1.jpg 600w, https:\/\/www.drkotti.com\/wp-content\/uploads\/2020\/01\/paroi-abdominale-before-1-225x300.jpg 225w, https:\/\/www.drkotti.com\/wp-content\/uploads\/2020\/01\/paroi-abdominale-before-1-94x125.jpg 94w, https:\/\/www.drkotti.com\/wp-content\/uploads\/2020\/01\/paroi-abdominale-before-1-56x75.jpg 56w, https:\/\/www.drkotti.com\/wp-content\/uploads\/2020\/01\/paroi-abdominale-before-1-150x200.jpg 150w\" sizes=\"(max-width: 600px) 100vw, 600px\" \/>\n\t\t\t\t\t<span class=\"cz_image_label\" data-type=\"modified\">Before<\/span>\n\t\t\t\t<\/div>\n\t\t\t\t<span class=\"cz_handle\"><\/span>\n\t\t\t<\/figure>\n\t\t<\/div>[\/vc_column][vc_column width=&#8221;1\/2&#8243;]<div id=\"cz_80401\" class=\"cz_80401 cz_image_comparison_slider\">\n\t\t\t<figure class=\"cz_image_container is_visible\"><img width=\"600\" height=\"800\" src=\"data:image\/svg+xml,%3Csvg%20xmlns%3D&#39;http%3A%2F%2Fwww.w3.org%2F2000%2Fsvg&#39;%20width=&#39;600&#39;%20height=&#39;800&#39;%20viewBox%3D&#39;0%200%20600%20800&#39;%2F%3E\" data-czlz data-src=\"https:\/\/www.drkotti.com\/wp-content\/uploads\/2020\/01\/paroi-abdominale-after-2.jpg\" class=\"attachment-full\" alt=\"paroi abdominale\" loading=\"lazy\" data-srcset=\"https:\/\/www.drkotti.com\/wp-content\/uploads\/2020\/01\/paroi-abdominale-after-2.jpg 600w, https:\/\/www.drkotti.com\/wp-content\/uploads\/2020\/01\/paroi-abdominale-after-2-225x300.jpg 225w, https:\/\/www.drkotti.com\/wp-content\/uploads\/2020\/01\/paroi-abdominale-after-2-94x125.jpg 94w, https:\/\/www.drkotti.com\/wp-content\/uploads\/2020\/01\/paroi-abdominale-after-2-56x75.jpg 56w, https:\/\/www.drkotti.com\/wp-content\/uploads\/2020\/01\/paroi-abdominale-after-2-150x200.jpg 150w\" sizes=\"(max-width: 600px) 100vw, 600px\" \/>\n\t\t\t\t<span class=\"cz_image_label\" data-type=\"original\">After<\/span>\n\t\t\t\t<div class=\"cz_resize_img\"><img width=\"600\" height=\"800\" src=\"data:image\/svg+xml,%3Csvg%20xmlns%3D&#39;http%3A%2F%2Fwww.w3.org%2F2000%2Fsvg&#39;%20width=&#39;600&#39;%20height=&#39;800&#39;%20viewBox%3D&#39;0%200%20600%20800&#39;%2F%3E\" data-czlz data-src=\"https:\/\/www.drkotti.com\/wp-content\/uploads\/2020\/01\/paroi-abdominale-before-2.jpg\" class=\"attachment-full\" alt=\"paroi abdominale\" loading=\"lazy\" data-srcset=\"https:\/\/www.drkotti.com\/wp-content\/uploads\/2020\/01\/paroi-abdominale-before-2.jpg 600w, https:\/\/www.drkotti.com\/wp-content\/uploads\/2020\/01\/paroi-abdominale-before-2-225x300.jpg 225w, https:\/\/www.drkotti.com\/wp-content\/uploads\/2020\/01\/paroi-abdominale-before-2-94x125.jpg 94w, https:\/\/www.drkotti.com\/wp-content\/uploads\/2020\/01\/paroi-abdominale-before-2-56x75.jpg 56w, https:\/\/www.drkotti.com\/wp-content\/uploads\/2020\/01\/paroi-abdominale-before-2-150x200.jpg 150w\" sizes=\"(max-width: 600px) 100vw, 600px\" \/>\n\t\t\t\t\t<span class=\"cz_image_label\" data-type=\"modified\">Before<\/span>\n\t\t\t\t<\/div>\n\t\t\t\t<span class=\"cz_handle\"><\/span>\n\t\t\t<\/figure>\n\t\t<\/div>[\/vc_column][\/vc_row][vc_row][vc_column width=&#8221;1\/2&#8243;]<div id=\"cz_32953\" class=\"cz_32953 cz_image_comparison_slider\">\n\t\t\t<figure class=\"cz_image_container is_visible\"><img width=\"600\" height=\"800\" src=\"data:image\/svg+xml,%3Csvg%20xmlns%3D&#39;http%3A%2F%2Fwww.w3.org%2F2000%2Fsvg&#39;%20width=&#39;600&#39;%20height=&#39;800&#39;%20viewBox%3D&#39;0%200%20600%20800&#39;%2F%3E\" data-czlz data-src=\"https:\/\/www.drkotti.com\/wp-content\/uploads\/2020\/01\/paroi-abdominale-after-3.jpg\" class=\"attachment-full\" alt=\"paroi abdominale\" loading=\"lazy\" data-srcset=\"https:\/\/www.drkotti.com\/wp-content\/uploads\/2020\/01\/paroi-abdominale-after-3.jpg 600w, https:\/\/www.drkotti.com\/wp-content\/uploads\/2020\/01\/paroi-abdominale-after-3-225x300.jpg 225w, https:\/\/www.drkotti.com\/wp-content\/uploads\/2020\/01\/paroi-abdominale-after-3-94x125.jpg 94w, https:\/\/www.drkotti.com\/wp-content\/uploads\/2020\/01\/paroi-abdominale-after-3-56x75.jpg 56w, https:\/\/www.drkotti.com\/wp-content\/uploads\/2020\/01\/paroi-abdominale-after-3-150x200.jpg 150w\" sizes=\"(max-width: 600px) 100vw, 600px\" \/>\n\t\t\t\t<span class=\"cz_image_label\" data-type=\"original\">After<\/span>\n\t\t\t\t<div class=\"cz_resize_img\"><img width=\"600\" height=\"800\" src=\"data:image\/svg+xml,%3Csvg%20xmlns%3D&#39;http%3A%2F%2Fwww.w3.org%2F2000%2Fsvg&#39;%20width=&#39;600&#39;%20height=&#39;800&#39;%20viewBox%3D&#39;0%200%20600%20800&#39;%2F%3E\" data-czlz data-src=\"https:\/\/www.drkotti.com\/wp-content\/uploads\/2020\/01\/paroi-abdominale-before-3.jpg\" class=\"attachment-full\" alt=\"paroi abdominale\" loading=\"lazy\" data-srcset=\"https:\/\/www.drkotti.com\/wp-content\/uploads\/2020\/01\/paroi-abdominale-before-3.jpg 600w, https:\/\/www.drkotti.com\/wp-content\/uploads\/2020\/01\/paroi-abdominale-before-3-225x300.jpg 225w, https:\/\/www.drkotti.com\/wp-content\/uploads\/2020\/01\/paroi-abdominale-before-3-94x125.jpg 94w, https:\/\/www.drkotti.com\/wp-content\/uploads\/2020\/01\/paroi-abdominale-before-3-56x75.jpg 56w, https:\/\/www.drkotti.com\/wp-content\/uploads\/2020\/01\/paroi-abdominale-before-3-150x200.jpg 150w\" sizes=\"(max-width: 600px) 100vw, 600px\" \/>\n\t\t\t\t\t<span class=\"cz_image_label\" data-type=\"modified\">Before<\/span>\n\t\t\t\t<\/div>\n\t\t\t\t<span class=\"cz_handle\"><\/span>\n\t\t\t<\/figure>\n\t\t<\/div>[\/vc_column][vc_column width=&#8221;1\/2&#8243;]<div id=\"cz_81395\" class=\"cz_81395 cz_image_comparison_slider\">\n\t\t\t<figure class=\"cz_image_container is_visible\"><img width=\"600\" height=\"800\" src=\"data:image\/svg+xml,%3Csvg%20xmlns%3D&#39;http%3A%2F%2Fwww.w3.org%2F2000%2Fsvg&#39;%20width=&#39;600&#39;%20height=&#39;800&#39;%20viewBox%3D&#39;0%200%20600%20800&#39;%2F%3E\" data-czlz data-src=\"https:\/\/www.drkotti.com\/wp-content\/uploads\/2020\/01\/paroi-abdominale-after-4.jpg\" class=\"attachment-full\" alt=\"paroi abdominale\" loading=\"lazy\" data-srcset=\"https:\/\/www.drkotti.com\/wp-content\/uploads\/2020\/01\/paroi-abdominale-after-4.jpg 600w, https:\/\/www.drkotti.com\/wp-content\/uploads\/2020\/01\/paroi-abdominale-after-4-225x300.jpg 225w, https:\/\/www.drkotti.com\/wp-content\/uploads\/2020\/01\/paroi-abdominale-after-4-94x125.jpg 94w, https:\/\/www.drkotti.com\/wp-content\/uploads\/2020\/01\/paroi-abdominale-after-4-56x75.jpg 56w, https:\/\/www.drkotti.com\/wp-content\/uploads\/2020\/01\/paroi-abdominale-after-4-150x200.jpg 150w\" sizes=\"(max-width: 600px) 100vw, 600px\" \/>\n\t\t\t\t<span class=\"cz_image_label\" data-type=\"original\">After<\/span>\n\t\t\t\t<div class=\"cz_resize_img\"><img width=\"600\" height=\"800\" src=\"data:image\/svg+xml,%3Csvg%20xmlns%3D&#39;http%3A%2F%2Fwww.w3.org%2F2000%2Fsvg&#39;%20width=&#39;600&#39;%20height=&#39;800&#39;%20viewBox%3D&#39;0%200%20600%20800&#39;%2F%3E\" data-czlz data-src=\"https:\/\/www.drkotti.com\/wp-content\/uploads\/2020\/01\/paroi-abdominale-before-4.jpg\" class=\"attachment-full\" alt=\"paroi abdominale\" loading=\"lazy\" data-srcset=\"https:\/\/www.drkotti.com\/wp-content\/uploads\/2020\/01\/paroi-abdominale-before-4.jpg 600w, https:\/\/www.drkotti.com\/wp-content\/uploads\/2020\/01\/paroi-abdominale-before-4-225x300.jpg 225w, https:\/\/www.drkotti.com\/wp-content\/uploads\/2020\/01\/paroi-abdominale-before-4-94x125.jpg 94w, https:\/\/www.drkotti.com\/wp-content\/uploads\/2020\/01\/paroi-abdominale-before-4-56x75.jpg 56w, https:\/\/www.drkotti.com\/wp-content\/uploads\/2020\/01\/paroi-abdominale-before-4-150x200.jpg 150w\" sizes=\"(max-width: 600px) 100vw, 600px\" \/>\n\t\t\t\t\t<span class=\"cz_image_label\" data-type=\"modified\">Before<\/span>\n\t\t\t\t<\/div>\n\t\t\t\t<span class=\"cz_handle\"><\/span>\n\t\t\t<\/figure>\n\t\t<\/div>[\/vc_column][\/vc_row]<\/p>\n","protected":false},"excerpt":{"rendered":"<p>[vc_row][vc_column][vc_column_text]Le but d\u2019une telle intervention est d\u2019enlever la peau la plus ab\u00eem\u00e9e (distendue, cicatricielle ou vergetur\u00e9e) et de retendre la<\/p>\n","protected":false},"author":1,"featured_media":1359,"parent":1351,"menu_order":0,"comment_status":"closed","ping_status":"closed","template":"","meta":{"inline_featured_image":false},"yst_prominent_words":[],"_links":{"self":[{"href":"https:\/\/www.drkotti.com\/fr\/wp-json\/wp\/v2\/pages\/1344"}],"collection":[{"href":"https:\/\/www.drkotti.com\/fr\/wp-json\/wp\/v2\/pages"}],"about":[{"href":"https:\/\/www.drkotti.com\/fr\/wp-json\/wp\/v2\/types\/page"}],"author":[{"embeddable":true,"href":"https:\/\/www.drkotti.com\/fr\/wp-json\/wp\/v2\/users\/1"}],"replies":[{"embeddable":true,"href":"https:\/\/www.drkotti.com\/fr\/wp-json\/wp\/v2\/comments?post=1344"}],"version-history":[{"count":0,"href":"https:\/\/www.drkotti.com\/fr\/wp-json\/wp\/v2\/pages\/1344\/revisions"}],"up":[{"embeddable":true,"href":"https:\/\/www.drkotti.com\/fr\/wp-json\/wp\/v2\/pages\/1351"}],"wp:featuredmedia":[{"embeddable":true,"href":"https:\/\/www.drkotti.com\/fr\/wp-json\/wp\/v2\/media\/1359"}],"wp:attachment":[{"href":"https:\/\/www.drkotti.com\/fr\/wp-json\/wp\/v2\/media?parent=1344"}],"wp:term":[{"taxonomy":"yst_prominent_words","embeddable":true,"href":"https:\/\/www.drkotti.com\/fr\/wp-json\/wp\/v2\/yst_prominent_words?post=1344"}],"curies":[{"name":"wp","href":"https:\/\/api.w.org\/{rel}","templated":true}]}}