{"id":1365,"date":"2019-08-02T11:24:26","date_gmt":"2019-08-02T09:24:26","guid":{"rendered":"http:\/\/www.drkotti.com\/?page_id=1365"},"modified":"2019-08-20T14:37:51","modified_gmt":"2019-08-20T12:37:51","slug":"lipoaspiration","status":"publish","type":"page","link":"https:\/\/www.drkotti.com\/fr\/corps\/lipoaspiration\/","title":{"rendered":"Lipoaspiration"},"content":{"rendered":"<p>[vc_row][vc_column][vc_column_text]Le principe de la lipoaspiration (mis au point \u00e0 partir de 1977 par Yves-G\u00e9rard ILLOUZ) est d\u2019introduire, \u00e0 partir de tr\u00e8s petites incisions, des canules mousses, \u00e0 bout arrondi, non tranchant, perfor\u00e9es \u00e0 leur extr\u00e9mit\u00e9 de plusieurs orifices.<\/p>\n<p>Ces canules seront connect\u00e9es \u00e0 un circuit ferm\u00e9 dans lequel sera cr\u00e9\u00e9 une pression n\u00e9gative.<\/p>\n<p>C\u2019est ainsi que sera possible l\u2019aspiration harmonieuse et non traumatisante des cellules graisseuses en surnombre.<br \/>\nDans la mesure o\u00f9 ces cellules graisseuses n\u2019ont pas la facult\u00e9 de se re-multiplier, il n\u2019y aura pas de r\u00e9cidive de cette surpopulation d\u2019adipocytes.<\/p>\n<h3>Le r\u00e9sultat<\/h3>\n<p>Appr\u00e9ci\u00e9 de fa\u00e7on d\u00e9finitive dans un d\u00e9lai de 6 mois apr\u00e8s l\u2019intervention, il est le plus souvent satisfaisant, chaque fois que l\u2019indication et la technique ont \u00e9t\u00e9 correctes : la lipoaspiration aura permis de faire dispara\u00eetre d\u00e9finitivement les surcharges de graisse localis\u00e9es, tout en entra\u00eenant une r\u00e9traction appr\u00e9ciable de la peau.<\/p>\n<p>Le but de cette chirurgie est d\u2019apporter une am\u00e9lioration et non pas d\u2019atteindre la perfection. Si vos souhaits sont r\u00e9alistes, le r\u00e9sultat obtenu devrait vous donner une grande satisfaction.[\/vc_column_text][vc_column_text]<a class=\"pdf_link\" href=\"http:\/\/www.drkotti.com\/pdf\/12-lipoaspiration.pdf\" target=\"_blank\" rel=\"noopener noreferrer\">T\u00e9l\u00e9charger le pdf <i class=\"fa fa-angle-double-right\"><\/i><\/a>[\/vc_column_text][\/vc_column][\/vc_row]<\/p>\n","protected":false},"excerpt":{"rendered":"<p>[vc_row][vc_column][vc_column_text]Le principe de la lipoaspiration (mis au point \u00e0 partir de 1977 par Yves-G\u00e9rard ILLOUZ) est d\u2019introduire, \u00e0 partir de<\/p>\n","protected":false},"author":1,"featured_media":1371,"parent":1351,"menu_order":0,"comment_status":"closed","ping_status":"closed","template":"","meta":{"inline_featured_image":false},"yst_prominent_words":[],"_links":{"self":[{"href":"https:\/\/www.drkotti.com\/fr\/wp-json\/wp\/v2\/pages\/1365"}],"collection":[{"href":"https:\/\/www.drkotti.com\/fr\/wp-json\/wp\/v2\/pages"}],"about":[{"href":"https:\/\/www.drkotti.com\/fr\/wp-json\/wp\/v2\/types\/page"}],"author":[{"embeddable":true,"href":"https:\/\/www.drkotti.com\/fr\/wp-json\/wp\/v2\/users\/1"}],"replies":[{"embeddable":true,"href":"https:\/\/www.drkotti.com\/fr\/wp-json\/wp\/v2\/comments?post=1365"}],"version-history":[{"count":0,"href":"https:\/\/www.drkotti.com\/fr\/wp-json\/wp\/v2\/pages\/1365\/revisions"}],"up":[{"embeddable":true,"href":"https:\/\/www.drkotti.com\/fr\/wp-json\/wp\/v2\/pages\/1351"}],"wp:featuredmedia":[{"embeddable":true,"href":"https:\/\/www.drkotti.com\/fr\/wp-json\/wp\/v2\/media\/1371"}],"wp:attachment":[{"href":"https:\/\/www.drkotti.com\/fr\/wp-json\/wp\/v2\/media?parent=1365"}],"wp:term":[{"taxonomy":"yst_prominent_words","embeddable":true,"href":"https:\/\/www.drkotti.com\/fr\/wp-json\/wp\/v2\/yst_prominent_words?post=1365"}],"curies":[{"name":"wp","href":"https:\/\/api.w.org\/{rel}","templated":true}]}}