{"id":1369,"date":"2019-08-02T11:28:19","date_gmt":"2019-08-02T09:28:19","guid":{"rendered":"http:\/\/www.drkotti.com\/?page_id=1369"},"modified":"2019-08-20T14:41:23","modified_gmt":"2019-08-20T12:41:23","slug":"lipomodelage-ou-lipofilling","status":"publish","type":"page","link":"https:\/\/www.drkotti.com\/fr\/corps\/lipomodelage-ou-lipofilling\/","title":{"rendered":"Lipomodelage ou lipofilling"},"content":{"rendered":"<p>[vc_row][vc_column][vc_column_text]Le principe est de r\u00e9aliser une v\u00e9ritable auto-greffe de cellules graisseuses par r\u00e9injection de la graisse pr\u00e9lev\u00e9e sur le patient lui-m\u00eame.<\/p>\n<p>La lipostructure peut s\u2019appliquer \u00e0 un grand nombre de d\u00e9pressions (creux) naturelles, post-traumatiques ou iatrog\u00e9niques.<\/p>\n<h3>Le r\u00e9sultat<\/h3>\n<p>Il est appr\u00e9ci\u00e9 dans un d\u00e9lai de 3 \u00e0 6 mois apr\u00e8s l\u2019intervention.<br \/>\nIl est le plus souvent satisfaisant, chaque fois que l\u2019indication et la technique ont \u00e9t\u00e9 correctes : les d\u00e9pressions sont en r\u00e8gle g\u00e9n\u00e9rale combl\u00e9es et les volumes restaur\u00e9s.<br \/>\nIl existe une diff\u00e9rence variable de, 20 \u00e0 40 %, entre la quantit\u00e9 de graisse r\u00e9-inject\u00e9e et la quantit\u00e9 de prise de la greffe.<\/p>\n<p>Le praticien en aura tenu compte dans l\u2019\u00e9valuation de la r\u00e9-injection graisseuse.[\/vc_column_text][vc_column_text]<a class=\"pdf_link\" href=\"http:\/\/www.drkotti.com\/pdf\/reinjection-de-graisse-autologue.pdf\" target=\"_blank\" rel=\"noopener noreferrer\">T\u00e9l\u00e9charger le pdf <i class=\"fa fa-angle-double-right\"><\/i><\/a>[\/vc_column_text][\/vc_column][\/vc_row]<\/p>\n","protected":false},"excerpt":{"rendered":"<p>[vc_row][vc_column][vc_column_text]Le principe est de r\u00e9aliser une v\u00e9ritable auto-greffe de cellules graisseuses par r\u00e9injection de la graisse pr\u00e9lev\u00e9e sur le patient<\/p>\n","protected":false},"author":1,"featured_media":1375,"parent":1351,"menu_order":0,"comment_status":"closed","ping_status":"closed","template":"","meta":{"inline_featured_image":false},"yst_prominent_words":[],"_links":{"self":[{"href":"https:\/\/www.drkotti.com\/fr\/wp-json\/wp\/v2\/pages\/1369"}],"collection":[{"href":"https:\/\/www.drkotti.com\/fr\/wp-json\/wp\/v2\/pages"}],"about":[{"href":"https:\/\/www.drkotti.com\/fr\/wp-json\/wp\/v2\/types\/page"}],"author":[{"embeddable":true,"href":"https:\/\/www.drkotti.com\/fr\/wp-json\/wp\/v2\/users\/1"}],"replies":[{"embeddable":true,"href":"https:\/\/www.drkotti.com\/fr\/wp-json\/wp\/v2\/comments?post=1369"}],"version-history":[{"count":0,"href":"https:\/\/www.drkotti.com\/fr\/wp-json\/wp\/v2\/pages\/1369\/revisions"}],"up":[{"embeddable":true,"href":"https:\/\/www.drkotti.com\/fr\/wp-json\/wp\/v2\/pages\/1351"}],"wp:featuredmedia":[{"embeddable":true,"href":"https:\/\/www.drkotti.com\/fr\/wp-json\/wp\/v2\/media\/1375"}],"wp:attachment":[{"href":"https:\/\/www.drkotti.com\/fr\/wp-json\/wp\/v2\/media?parent=1369"}],"wp:term":[{"taxonomy":"yst_prominent_words","embeddable":true,"href":"https:\/\/www.drkotti.com\/fr\/wp-json\/wp\/v2\/yst_prominent_words?post=1369"}],"curies":[{"name":"wp","href":"https:\/\/api.w.org\/{rel}","templated":true}]}}