{"id":1373,"date":"2019-08-02T11:35:01","date_gmt":"2019-08-02T09:35:01","guid":{"rendered":"http:\/\/www.drkotti.com\/?page_id=1373"},"modified":"2019-09-24T15:40:21","modified_gmt":"2019-09-24T13:40:21","slug":"chirurgie-des-fesses","status":"publish","type":"page","link":"https:\/\/www.drkotti.com\/fr\/corps\/chirurgie-des-fesses\/","title":{"rendered":"Chirurgie des fesses"},"content":{"rendered":"<p>[vc_row][vc_column][vc_column_text]Le galbe des fesses peut \u00eatre revisit\u00e9 quand le volume manque ou la forme est inesth\u00e9tique.\u00a0 Plusieurs m\u00e9thodes existent comme la liposculpture avec transfert graisseux dans les fesses qui est une technique tr\u00e8s pratiqu\u00e9e et assez glorifiante puisque elle r\u00e9alise 2 proc\u00e9d\u00e9s en un\u00a0: une lipoaspiration des zones disgracieuses et un resculpture des fesses.<\/p>\n<p>Pour avoir un meilleur r\u00e9sultat du volume d\u2019augmentation souhait\u00e9, plusieurs s\u00e9ances peuvent \u00eatre indiqu\u00e9es toutefois le r\u00e9sultat est durable.<\/p>\n<p>Les proth\u00e8ses restent la 2eme alternative. Les meilleurs candidats pour l\u2019utilisation d\u2019un implant sont les patients qui cherchent une augmentation de volume consid\u00e9rable et centrale. Les suites sont plus importantes et contraignantes que le lipofilling.<\/p>\n<p>Le lifting des fesses est adapt\u00e9 aux patients poss\u00e9dant un volume suffisant mais qui pr\u00e9sentent des fesses trop plates. Il accompagne souvent un bodylift.[\/vc_column_text][\/vc_column][\/vc_row][vc_row][vc_column width=&#8221;1\/6&#8243;][\/vc_column][vc_column width=&#8221;2\/3&#8243;]<div id=\"cz_32244\" class=\"cz_32244 cz_image_comparison_slider\">\n\t\t\t<figure class=\"cz_image_container is_visible\"><img width=\"960\" height=\"1280\" src=\"data:image\/svg+xml,%3Csvg%20xmlns%3D&#39;http%3A%2F%2Fwww.w3.org%2F2000%2Fsvg&#39;%20width=&#39;960&#39;%20height=&#39;1280&#39;%20viewBox%3D&#39;0%200%20960%201280&#39;%2F%3E\" data-czlz data-src=\"https:\/\/www.drkotti.com\/wp-content\/uploads\/2019\/09\/after_1-1.jpg\" class=\"attachment-full\" alt=\"liposculpture\" loading=\"lazy\" data-srcset=\"https:\/\/www.drkotti.com\/wp-content\/uploads\/2019\/09\/after_1-1.jpg 960w, https:\/\/www.drkotti.com\/wp-content\/uploads\/2019\/09\/after_1-1-600x800.jpg 600w, https:\/\/www.drkotti.com\/wp-content\/uploads\/2019\/09\/after_1-1-225x300.jpg 225w, https:\/\/www.drkotti.com\/wp-content\/uploads\/2019\/09\/after_1-1-768x1024.jpg 768w, https:\/\/www.drkotti.com\/wp-content\/uploads\/2019\/09\/after_1-1-94x125.jpg 94w, https:\/\/www.drkotti.com\/wp-content\/uploads\/2019\/09\/after_1-1-56x75.jpg 56w, https:\/\/www.drkotti.com\/wp-content\/uploads\/2019\/09\/after_1-1-150x200.jpg 150w\" sizes=\"(max-width: 960px) 100vw, 960px\" \/>\n\t\t\t\t<span class=\"cz_image_label\" data-type=\"original\">After<\/span>\n\t\t\t\t<div class=\"cz_resize_img\"><img width=\"960\" height=\"1280\" src=\"data:image\/svg+xml,%3Csvg%20xmlns%3D&#39;http%3A%2F%2Fwww.w3.org%2F2000%2Fsvg&#39;%20width=&#39;960&#39;%20height=&#39;1280&#39;%20viewBox%3D&#39;0%200%20960%201280&#39;%2F%3E\" data-czlz data-src=\"https:\/\/www.drkotti.com\/wp-content\/uploads\/2019\/09\/before_1-1.jpg\" class=\"attachment-full\" alt=\"liposculpture\" loading=\"lazy\" data-srcset=\"https:\/\/www.drkotti.com\/wp-content\/uploads\/2019\/09\/before_1-1.jpg 960w, https:\/\/www.drkotti.com\/wp-content\/uploads\/2019\/09\/before_1-1-600x800.jpg 600w, https:\/\/www.drkotti.com\/wp-content\/uploads\/2019\/09\/before_1-1-225x300.jpg 225w, https:\/\/www.drkotti.com\/wp-content\/uploads\/2019\/09\/before_1-1-768x1024.jpg 768w, https:\/\/www.drkotti.com\/wp-content\/uploads\/2019\/09\/before_1-1-94x125.jpg 94w, https:\/\/www.drkotti.com\/wp-content\/uploads\/2019\/09\/before_1-1-56x75.jpg 56w, https:\/\/www.drkotti.com\/wp-content\/uploads\/2019\/09\/before_1-1-150x200.jpg 150w\" sizes=\"(max-width: 960px) 100vw, 960px\" \/>\n\t\t\t\t\t<span class=\"cz_image_label\" data-type=\"modified\">Before<\/span>\n\t\t\t\t<\/div>\n\t\t\t\t<span class=\"cz_handle\"><\/span>\n\t\t\t<\/figure>\n\t\t<\/div><div id=\"cz_30400\" class=\"cz_30400 cz_image_comparison_slider\">\n\t\t\t<figure class=\"cz_image_container is_visible\"><img width=\"960\" height=\"1280\" src=\"data:image\/svg+xml,%3Csvg%20xmlns%3D&#39;http%3A%2F%2Fwww.w3.org%2F2000%2Fsvg&#39;%20width=&#39;960&#39;%20height=&#39;1280&#39;%20viewBox%3D&#39;0%200%20960%201280&#39;%2F%3E\" data-czlz data-src=\"https:\/\/www.drkotti.com\/wp-content\/uploads\/2019\/09\/after_2.jpg\" class=\"attachment-full\" alt=\"liposculpture\" loading=\"lazy\" data-srcset=\"https:\/\/www.drkotti.com\/wp-content\/uploads\/2019\/09\/after_2.jpg 960w, https:\/\/www.drkotti.com\/wp-content\/uploads\/2019\/09\/after_2-600x800.jpg 600w, https:\/\/www.drkotti.com\/wp-content\/uploads\/2019\/09\/after_2-225x300.jpg 225w, https:\/\/www.drkotti.com\/wp-content\/uploads\/2019\/09\/after_2-768x1024.jpg 768w, https:\/\/www.drkotti.com\/wp-content\/uploads\/2019\/09\/after_2-94x125.jpg 94w, https:\/\/www.drkotti.com\/wp-content\/uploads\/2019\/09\/after_2-56x75.jpg 56w, https:\/\/www.drkotti.com\/wp-content\/uploads\/2019\/09\/after_2-150x200.jpg 150w\" sizes=\"(max-width: 960px) 100vw, 960px\" \/>\n\t\t\t\t<span class=\"cz_image_label\" data-type=\"original\">After<\/span>\n\t\t\t\t<div class=\"cz_resize_img\"><img width=\"960\" height=\"1280\" src=\"data:image\/svg+xml,%3Csvg%20xmlns%3D&#39;http%3A%2F%2Fwww.w3.org%2F2000%2Fsvg&#39;%20width=&#39;960&#39;%20height=&#39;1280&#39;%20viewBox%3D&#39;0%200%20960%201280&#39;%2F%3E\" data-czlz data-src=\"https:\/\/www.drkotti.com\/wp-content\/uploads\/2019\/09\/before_2.jpg\" class=\"attachment-full\" alt=\"liposculpture\" loading=\"lazy\" data-srcset=\"https:\/\/www.drkotti.com\/wp-content\/uploads\/2019\/09\/before_2.jpg 960w, https:\/\/www.drkotti.com\/wp-content\/uploads\/2019\/09\/before_2-600x800.jpg 600w, https:\/\/www.drkotti.com\/wp-content\/uploads\/2019\/09\/before_2-225x300.jpg 225w, https:\/\/www.drkotti.com\/wp-content\/uploads\/2019\/09\/before_2-768x1024.jpg 768w, https:\/\/www.drkotti.com\/wp-content\/uploads\/2019\/09\/before_2-94x125.jpg 94w, https:\/\/www.drkotti.com\/wp-content\/uploads\/2019\/09\/before_2-56x75.jpg 56w, https:\/\/www.drkotti.com\/wp-content\/uploads\/2019\/09\/before_2-150x200.jpg 150w\" sizes=\"(max-width: 960px) 100vw, 960px\" \/>\n\t\t\t\t\t<span class=\"cz_image_label\" data-type=\"modified\">Before<\/span>\n\t\t\t\t<\/div>\n\t\t\t\t<span class=\"cz_handle\"><\/span>\n\t\t\t<\/figure>\n\t\t<\/div><div id=\"cz_53387\" class=\"cz_53387 cz_image_comparison_slider\">\n\t\t\t<figure class=\"cz_image_container is_visible\"><img width=\"960\" height=\"1280\" src=\"data:image\/svg+xml,%3Csvg%20xmlns%3D&#39;http%3A%2F%2Fwww.w3.org%2F2000%2Fsvg&#39;%20width=&#39;960&#39;%20height=&#39;1280&#39;%20viewBox%3D&#39;0%200%20960%201280&#39;%2F%3E\" data-czlz data-src=\"https:\/\/www.drkotti.com\/wp-content\/uploads\/2019\/09\/after_3-1.jpg\" class=\"attachment-full\" alt=\"liposculpture\" loading=\"lazy\" data-srcset=\"https:\/\/www.drkotti.com\/wp-content\/uploads\/2019\/09\/after_3-1.jpg 960w, https:\/\/www.drkotti.com\/wp-content\/uploads\/2019\/09\/after_3-1-600x800.jpg 600w, https:\/\/www.drkotti.com\/wp-content\/uploads\/2019\/09\/after_3-1-225x300.jpg 225w, https:\/\/www.drkotti.com\/wp-content\/uploads\/2019\/09\/after_3-1-768x1024.jpg 768w, https:\/\/www.drkotti.com\/wp-content\/uploads\/2019\/09\/after_3-1-94x125.jpg 94w, https:\/\/www.drkotti.com\/wp-content\/uploads\/2019\/09\/after_3-1-56x75.jpg 56w, https:\/\/www.drkotti.com\/wp-content\/uploads\/2019\/09\/after_3-1-150x200.jpg 150w\" sizes=\"(max-width: 960px) 100vw, 960px\" \/>\n\t\t\t\t<span class=\"cz_image_label\" data-type=\"original\">After<\/span>\n\t\t\t\t<div class=\"cz_resize_img\"><img width=\"960\" height=\"1280\" src=\"data:image\/svg+xml,%3Csvg%20xmlns%3D&#39;http%3A%2F%2Fwww.w3.org%2F2000%2Fsvg&#39;%20width=&#39;960&#39;%20height=&#39;1280&#39;%20viewBox%3D&#39;0%200%20960%201280&#39;%2F%3E\" data-czlz data-src=\"https:\/\/www.drkotti.com\/wp-content\/uploads\/2019\/09\/before_3-1.jpg\" class=\"attachment-full\" alt=\"liposculpture\" loading=\"lazy\" data-srcset=\"https:\/\/www.drkotti.com\/wp-content\/uploads\/2019\/09\/before_3-1.jpg 960w, https:\/\/www.drkotti.com\/wp-content\/uploads\/2019\/09\/before_3-1-600x800.jpg 600w, https:\/\/www.drkotti.com\/wp-content\/uploads\/2019\/09\/before_3-1-225x300.jpg 225w, https:\/\/www.drkotti.com\/wp-content\/uploads\/2019\/09\/before_3-1-768x1024.jpg 768w, https:\/\/www.drkotti.com\/wp-content\/uploads\/2019\/09\/before_3-1-94x125.jpg 94w, https:\/\/www.drkotti.com\/wp-content\/uploads\/2019\/09\/before_3-1-56x75.jpg 56w, https:\/\/www.drkotti.com\/wp-content\/uploads\/2019\/09\/before_3-1-150x200.jpg 150w\" sizes=\"(max-width: 960px) 100vw, 960px\" \/>\n\t\t\t\t\t<span class=\"cz_image_label\" data-type=\"modified\">Before<\/span>\n\t\t\t\t<\/div>\n\t\t\t\t<span class=\"cz_handle\"><\/span>\n\t\t\t<\/figure>\n\t\t<\/div><div id=\"cz_75094\" class=\"cz_75094 cz_image_comparison_slider\">\n\t\t\t<figure class=\"cz_image_container is_visible\"><img width=\"960\" height=\"1280\" src=\"data:image\/svg+xml,%3Csvg%20xmlns%3D&#39;http%3A%2F%2Fwww.w3.org%2F2000%2Fsvg&#39;%20width=&#39;960&#39;%20height=&#39;1280&#39;%20viewBox%3D&#39;0%200%20960%201280&#39;%2F%3E\" data-czlz data-src=\"https:\/\/www.drkotti.com\/wp-content\/uploads\/2019\/09\/after_4.jpg\" class=\"attachment-full\" alt=\"liposculpture\" loading=\"lazy\" data-srcset=\"https:\/\/www.drkotti.com\/wp-content\/uploads\/2019\/09\/after_4.jpg 960w, https:\/\/www.drkotti.com\/wp-content\/uploads\/2019\/09\/after_4-600x800.jpg 600w, https:\/\/www.drkotti.com\/wp-content\/uploads\/2019\/09\/after_4-225x300.jpg 225w, https:\/\/www.drkotti.com\/wp-content\/uploads\/2019\/09\/after_4-768x1024.jpg 768w, https:\/\/www.drkotti.com\/wp-content\/uploads\/2019\/09\/after_4-94x125.jpg 94w, https:\/\/www.drkotti.com\/wp-content\/uploads\/2019\/09\/after_4-56x75.jpg 56w, https:\/\/www.drkotti.com\/wp-content\/uploads\/2019\/09\/after_4-150x200.jpg 150w\" sizes=\"(max-width: 960px) 100vw, 960px\" \/>\n\t\t\t\t<span class=\"cz_image_label\" data-type=\"original\">After<\/span>\n\t\t\t\t<div class=\"cz_resize_img\"><img width=\"960\" height=\"1280\" src=\"data:image\/svg+xml,%3Csvg%20xmlns%3D&#39;http%3A%2F%2Fwww.w3.org%2F2000%2Fsvg&#39;%20width=&#39;960&#39;%20height=&#39;1280&#39;%20viewBox%3D&#39;0%200%20960%201280&#39;%2F%3E\" data-czlz data-src=\"https:\/\/www.drkotti.com\/wp-content\/uploads\/2019\/09\/before_4.jpg\" class=\"attachment-full\" alt=\"liposculpture\" loading=\"lazy\" data-srcset=\"https:\/\/www.drkotti.com\/wp-content\/uploads\/2019\/09\/before_4.jpg 960w, https:\/\/www.drkotti.com\/wp-content\/uploads\/2019\/09\/before_4-600x800.jpg 600w, https:\/\/www.drkotti.com\/wp-content\/uploads\/2019\/09\/before_4-225x300.jpg 225w, https:\/\/www.drkotti.com\/wp-content\/uploads\/2019\/09\/before_4-768x1024.jpg 768w, https:\/\/www.drkotti.com\/wp-content\/uploads\/2019\/09\/before_4-94x125.jpg 94w, https:\/\/www.drkotti.com\/wp-content\/uploads\/2019\/09\/before_4-56x75.jpg 56w, https:\/\/www.drkotti.com\/wp-content\/uploads\/2019\/09\/before_4-150x200.jpg 150w\" sizes=\"(max-width: 960px) 100vw, 960px\" \/>\n\t\t\t\t\t<span class=\"cz_image_label\" data-type=\"modified\">Before<\/span>\n\t\t\t\t<\/div>\n\t\t\t\t<span class=\"cz_handle\"><\/span>\n\t\t\t<\/figure>\n\t\t<\/div><div id=\"cz_35538\" class=\"cz_35538 cz_image_comparison_slider\">\n\t\t\t<figure class=\"cz_image_container is_visible\"><img width=\"960\" height=\"1280\" src=\"data:image\/svg+xml,%3Csvg%20xmlns%3D&#39;http%3A%2F%2Fwww.w3.org%2F2000%2Fsvg&#39;%20width=&#39;960&#39;%20height=&#39;1280&#39;%20viewBox%3D&#39;0%200%20960%201280&#39;%2F%3E\" data-czlz data-src=\"https:\/\/www.drkotti.com\/wp-content\/uploads\/2019\/09\/after_5.jpg\" class=\"attachment-full\" alt=\"liposculpture\" loading=\"lazy\" data-srcset=\"https:\/\/www.drkotti.com\/wp-content\/uploads\/2019\/09\/after_5.jpg 960w, https:\/\/www.drkotti.com\/wp-content\/uploads\/2019\/09\/after_5-600x800.jpg 600w, https:\/\/www.drkotti.com\/wp-content\/uploads\/2019\/09\/after_5-225x300.jpg 225w, https:\/\/www.drkotti.com\/wp-content\/uploads\/2019\/09\/after_5-768x1024.jpg 768w, https:\/\/www.drkotti.com\/wp-content\/uploads\/2019\/09\/after_5-94x125.jpg 94w, https:\/\/www.drkotti.com\/wp-content\/uploads\/2019\/09\/after_5-56x75.jpg 56w, https:\/\/www.drkotti.com\/wp-content\/uploads\/2019\/09\/after_5-150x200.jpg 150w\" sizes=\"(max-width: 960px) 100vw, 960px\" \/>\n\t\t\t\t<span class=\"cz_image_label\" data-type=\"original\">After<\/span>\n\t\t\t\t<div class=\"cz_resize_img\"><img width=\"960\" height=\"1280\" src=\"data:image\/svg+xml,%3Csvg%20xmlns%3D&#39;http%3A%2F%2Fwww.w3.org%2F2000%2Fsvg&#39;%20width=&#39;960&#39;%20height=&#39;1280&#39;%20viewBox%3D&#39;0%200%20960%201280&#39;%2F%3E\" data-czlz data-src=\"https:\/\/www.drkotti.com\/wp-content\/uploads\/2019\/09\/before_5.jpg\" class=\"attachment-full\" alt=\"liposculpture\" loading=\"lazy\" data-srcset=\"https:\/\/www.drkotti.com\/wp-content\/uploads\/2019\/09\/before_5.jpg 960w, https:\/\/www.drkotti.com\/wp-content\/uploads\/2019\/09\/before_5-600x800.jpg 600w, https:\/\/www.drkotti.com\/wp-content\/uploads\/2019\/09\/before_5-225x300.jpg 225w, https:\/\/www.drkotti.com\/wp-content\/uploads\/2019\/09\/before_5-768x1024.jpg 768w, https:\/\/www.drkotti.com\/wp-content\/uploads\/2019\/09\/before_5-94x125.jpg 94w, https:\/\/www.drkotti.com\/wp-content\/uploads\/2019\/09\/before_5-56x75.jpg 56w, https:\/\/www.drkotti.com\/wp-content\/uploads\/2019\/09\/before_5-150x200.jpg 150w\" sizes=\"(max-width: 960px) 100vw, 960px\" \/>\n\t\t\t\t\t<span class=\"cz_image_label\" data-type=\"modified\">Before<\/span>\n\t\t\t\t<\/div>\n\t\t\t\t<span class=\"cz_handle\"><\/span>\n\t\t\t<\/figure>\n\t\t<\/div>[\/vc_column][vc_column width=&#8221;1\/6&#8243;][\/vc_column][\/vc_row]<\/p>\n","protected":false},"excerpt":{"rendered":"<p>[vc_row][vc_column][vc_column_text]Le galbe des fesses peut \u00eatre revisit\u00e9 quand le volume manque ou la forme est inesth\u00e9tique.\u00a0 Plusieurs m\u00e9thodes existent comme<\/p>\n","protected":false},"author":1,"featured_media":1382,"parent":1351,"menu_order":0,"comment_status":"closed","ping_status":"closed","template":"","meta":{"inline_featured_image":false},"yst_prominent_words":[],"_links":{"self":[{"href":"https:\/\/www.drkotti.com\/fr\/wp-json\/wp\/v2\/pages\/1373"}],"collection":[{"href":"https:\/\/www.drkotti.com\/fr\/wp-json\/wp\/v2\/pages"}],"about":[{"href":"https:\/\/www.drkotti.com\/fr\/wp-json\/wp\/v2\/types\/page"}],"author":[{"embeddable":true,"href":"https:\/\/www.drkotti.com\/fr\/wp-json\/wp\/v2\/users\/1"}],"replies":[{"embeddable":true,"href":"https:\/\/www.drkotti.com\/fr\/wp-json\/wp\/v2\/comments?post=1373"}],"version-history":[{"count":0,"href":"https:\/\/www.drkotti.com\/fr\/wp-json\/wp\/v2\/pages\/1373\/revisions"}],"up":[{"embeddable":true,"href":"https:\/\/www.drkotti.com\/fr\/wp-json\/wp\/v2\/pages\/1351"}],"wp:featuredmedia":[{"embeddable":true,"href":"https:\/\/www.drkotti.com\/fr\/wp-json\/wp\/v2\/media\/1382"}],"wp:attachment":[{"href":"https:\/\/www.drkotti.com\/fr\/wp-json\/wp\/v2\/media?parent=1373"}],"wp:term":[{"taxonomy":"yst_prominent_words","embeddable":true,"href":"https:\/\/www.drkotti.com\/fr\/wp-json\/wp\/v2\/yst_prominent_words?post=1373"}],"curies":[{"name":"wp","href":"https:\/\/api.w.org\/{rel}","templated":true}]}}