{"id":1384,"date":"2019-08-02T11:44:40","date_gmt":"2019-08-02T09:44:40","guid":{"rendered":"http:\/\/www.drkotti.com\/?page_id=1384"},"modified":"2019-08-02T11:52:44","modified_gmt":"2019-08-02T09:52:44","slug":"chirurgie-intime-de-la-femme","status":"publish","type":"page","link":"https:\/\/www.drkotti.com\/fr\/corps\/chirurgie-intime-de-la-femme\/","title":{"rendered":"Chirurgie intime de la femme"},"content":{"rendered":"<p>[vc_row][vc_column][vc_column_text]La chirurgie intime, ouvertement indiqu\u00e9e dans certaines soci\u00e9t\u00e9s, reste n\u00e9anmoins un tabou dans d\u2019autres m\u00eame si elle est de pratique tr\u00e8s courante paradoxalement dans ces derni\u00e8res.<\/p>\n<p>Elle a pour but l\u2019am\u00e9lioration de la vulve par la r\u00e9duction des petites l\u00e8vres, aussi appel\u00e9e nymphoplastie ou labioplastie. Il s\u2019agit d\u2019une intervention simple, qui r\u00e9duira significativement la g\u00eane des patientes et augmentera leur confiance en soi.[\/vc_column_text][\/vc_column][\/vc_row]<\/p>\n","protected":false},"excerpt":{"rendered":"<p>[vc_row][vc_column][vc_column_text]La chirurgie intime, ouvertement indiqu\u00e9e dans certaines soci\u00e9t\u00e9s, reste n\u00e9anmoins un tabou dans d\u2019autres m\u00eame si elle est de pratique<\/p>\n","protected":false},"author":1,"featured_media":1396,"parent":1351,"menu_order":0,"comment_status":"closed","ping_status":"closed","template":"","meta":{"inline_featured_image":false},"yst_prominent_words":[],"_links":{"self":[{"href":"https:\/\/www.drkotti.com\/fr\/wp-json\/wp\/v2\/pages\/1384"}],"collection":[{"href":"https:\/\/www.drkotti.com\/fr\/wp-json\/wp\/v2\/pages"}],"about":[{"href":"https:\/\/www.drkotti.com\/fr\/wp-json\/wp\/v2\/types\/page"}],"author":[{"embeddable":true,"href":"https:\/\/www.drkotti.com\/fr\/wp-json\/wp\/v2\/users\/1"}],"replies":[{"embeddable":true,"href":"https:\/\/www.drkotti.com\/fr\/wp-json\/wp\/v2\/comments?post=1384"}],"version-history":[{"count":0,"href":"https:\/\/www.drkotti.com\/fr\/wp-json\/wp\/v2\/pages\/1384\/revisions"}],"up":[{"embeddable":true,"href":"https:\/\/www.drkotti.com\/fr\/wp-json\/wp\/v2\/pages\/1351"}],"wp:featuredmedia":[{"embeddable":true,"href":"https:\/\/www.drkotti.com\/fr\/wp-json\/wp\/v2\/media\/1396"}],"wp:attachment":[{"href":"https:\/\/www.drkotti.com\/fr\/wp-json\/wp\/v2\/media?parent=1384"}],"wp:term":[{"taxonomy":"yst_prominent_words","embeddable":true,"href":"https:\/\/www.drkotti.com\/fr\/wp-json\/wp\/v2\/yst_prominent_words?post=1384"}],"curies":[{"name":"wp","href":"https:\/\/api.w.org\/{rel}","templated":true}]}}