{"id":1389,"date":"2019-08-02T11:52:04","date_gmt":"2019-08-02T09:52:04","guid":{"rendered":"http:\/\/www.drkotti.com\/?page_id=1389"},"modified":"2019-08-02T11:52:04","modified_gmt":"2019-08-02T09:52:04","slug":"la-vaginoplastie","status":"publish","type":"page","link":"https:\/\/www.drkotti.com\/fr\/corps\/la-vaginoplastie\/","title":{"rendered":"La vaginoplastie"},"content":{"rendered":"<p>[vc_row][vc_column][vc_column_text]La vaginoplastie est un acte qui permet de retrouver la tonicit\u00e9 vaginale apr\u00e8s avoir restaurer la largeur initiale. Elle est indiqu\u00e9e surtout apr\u00e8s des accouchements par voie basse et\/ou en association avec l\u2019hym\u00e9noplastie.<\/p>\n<p>L\u2019hym\u00e9noplastie \u00a0permet la reconstruction d\u00e9finitive de l\u2019hymen. Elle est r\u00e9alis\u00e9e aussi bien par les plasticiens que certains gyn\u00e9cologues. Elle est diff\u00e9rente de l\u2019hym\u00e9norraphie (temporaire) r\u00e9alis\u00e9e surtout par des confr\u00e8res gyn\u00e9cologues. Cette\u00a0\u00a0d\u2019op\u00e9ration consiste \u00e0 restaurer la virginit\u00e9 jusqu\u2019au prochain rapport sexuel.<\/p>\n<p>Demandez \u00e0 votre chirurgien de plus amples informations quant \u00e0 la technique utilis\u00e9e et les suites op\u00e9ratoires.[\/vc_column_text][\/vc_column][\/vc_row]<\/p>\n","protected":false},"excerpt":{"rendered":"<p>[vc_row][vc_column][vc_column_text]La vaginoplastie est un acte qui permet de retrouver la tonicit\u00e9 vaginale apr\u00e8s avoir restaurer la largeur initiale. Elle est<\/p>\n","protected":false},"author":1,"featured_media":1391,"parent":1351,"menu_order":0,"comment_status":"closed","ping_status":"closed","template":"","meta":{"inline_featured_image":false},"yst_prominent_words":[],"_links":{"self":[{"href":"https:\/\/www.drkotti.com\/fr\/wp-json\/wp\/v2\/pages\/1389"}],"collection":[{"href":"https:\/\/www.drkotti.com\/fr\/wp-json\/wp\/v2\/pages"}],"about":[{"href":"https:\/\/www.drkotti.com\/fr\/wp-json\/wp\/v2\/types\/page"}],"author":[{"embeddable":true,"href":"https:\/\/www.drkotti.com\/fr\/wp-json\/wp\/v2\/users\/1"}],"replies":[{"embeddable":true,"href":"https:\/\/www.drkotti.com\/fr\/wp-json\/wp\/v2\/comments?post=1389"}],"version-history":[{"count":0,"href":"https:\/\/www.drkotti.com\/fr\/wp-json\/wp\/v2\/pages\/1389\/revisions"}],"up":[{"embeddable":true,"href":"https:\/\/www.drkotti.com\/fr\/wp-json\/wp\/v2\/pages\/1351"}],"wp:featuredmedia":[{"embeddable":true,"href":"https:\/\/www.drkotti.com\/fr\/wp-json\/wp\/v2\/media\/1391"}],"wp:attachment":[{"href":"https:\/\/www.drkotti.com\/fr\/wp-json\/wp\/v2\/media?parent=1389"}],"wp:term":[{"taxonomy":"yst_prominent_words","embeddable":true,"href":"https:\/\/www.drkotti.com\/fr\/wp-json\/wp\/v2\/yst_prominent_words?post=1389"}],"curies":[{"name":"wp","href":"https:\/\/api.w.org\/{rel}","templated":true}]}}