{"id":1397,"date":"2019-08-02T11:56:35","date_gmt":"2019-08-02T09:56:35","guid":{"rendered":"http:\/\/www.drkotti.com\/?page_id=1397"},"modified":"2019-08-02T11:56:35","modified_gmt":"2019-08-02T09:56:35","slug":"chirurgie-de-la-gynecomastie-et-des-pectoraux","status":"publish","type":"page","link":"https:\/\/www.drkotti.com\/fr\/corps\/chirurgie-de-la-gynecomastie-et-des-pectoraux\/","title":{"rendered":"Chirurgie de la gyn\u00e9comastie et des pectoraux"},"content":{"rendered":"<p>[vc_row][vc_column][vc_column_text]La gyn\u00e9comastie est d\u00e9finie comme le d\u00e9veloppement excessif des glandes mammaires chez l\u2019homme. Dans ce cas, une cure chirurgicale peut r\u00e9duire la taille des seins, afin d\u2019obtenir une poitrine plus plate et masculine. La r\u00e9duction de volume s\u2018effectue par lipoaspiration et\/ou ex\u00e9r\u00e8se directe de la glande avec remodelage cutan\u00e9.<\/p>\n<p>L\u2019augmentation des pectoraux, que ce soit \u00e0 l\u2019aide d\u2019un lipofilling ou via des implants en silicone r\u00e9alise une autre op\u00e9ration qui permet de donner du volume \u00e0 des pectoraux plats.<\/p>\n<p>Demandez de plus amples informations \u00e0 votre chirurgien.[\/vc_column_text][\/vc_column][\/vc_row]<\/p>\n","protected":false},"excerpt":{"rendered":"<p>[vc_row][vc_column][vc_column_text]La gyn\u00e9comastie est d\u00e9finie comme le d\u00e9veloppement excessif des glandes mammaires chez l\u2019homme. Dans ce cas, une cure chirurgicale peut<\/p>\n","protected":false},"author":1,"featured_media":1401,"parent":1351,"menu_order":0,"comment_status":"closed","ping_status":"closed","template":"","meta":{"inline_featured_image":false},"yst_prominent_words":[],"_links":{"self":[{"href":"https:\/\/www.drkotti.com\/fr\/wp-json\/wp\/v2\/pages\/1397"}],"collection":[{"href":"https:\/\/www.drkotti.com\/fr\/wp-json\/wp\/v2\/pages"}],"about":[{"href":"https:\/\/www.drkotti.com\/fr\/wp-json\/wp\/v2\/types\/page"}],"author":[{"embeddable":true,"href":"https:\/\/www.drkotti.com\/fr\/wp-json\/wp\/v2\/users\/1"}],"replies":[{"embeddable":true,"href":"https:\/\/www.drkotti.com\/fr\/wp-json\/wp\/v2\/comments?post=1397"}],"version-history":[{"count":0,"href":"https:\/\/www.drkotti.com\/fr\/wp-json\/wp\/v2\/pages\/1397\/revisions"}],"up":[{"embeddable":true,"href":"https:\/\/www.drkotti.com\/fr\/wp-json\/wp\/v2\/pages\/1351"}],"wp:featuredmedia":[{"embeddable":true,"href":"https:\/\/www.drkotti.com\/fr\/wp-json\/wp\/v2\/media\/1401"}],"wp:attachment":[{"href":"https:\/\/www.drkotti.com\/fr\/wp-json\/wp\/v2\/media?parent=1397"}],"wp:term":[{"taxonomy":"yst_prominent_words","embeddable":true,"href":"https:\/\/www.drkotti.com\/fr\/wp-json\/wp\/v2\/yst_prominent_words?post=1397"}],"curies":[{"name":"wp","href":"https:\/\/api.w.org\/{rel}","templated":true}]}}