{"id":2469,"date":"2019-12-09T13:07:49","date_gmt":"2019-12-09T12:07:49","guid":{"rendered":"http:\/\/www.drkotti.com\/?page_id=2469"},"modified":"2019-12-09T13:12:47","modified_gmt":"2019-12-09T12:12:47","slug":"reconstruction-mammaire","status":"publish","type":"page","link":"https:\/\/www.drkotti.com\/fr\/reconstruction-mammaire\/","title":{"rendered":"Reconstruction mammaire"},"content":{"rendered":"<p>[vc_row][vc_column][vc_column_text]Le cancer du sein est malheureusement une maladie de plus en plus fr\u00e9quente. La reconstruction mammaire permet aux patients qui ont souffert d\u2019un cancer du sein, de retrouver leur image corporelle et leur symbole de f\u00e9minit\u00e9. Que ce soit apr\u00e8s une ablation compl\u00e8te ou partielle du sein, une reconstruction peut toujours \u00eatre envisag\u00e9e. Dans la mesure du possible, la reconstruction est effectu\u00e9e en m\u00eame temps que l\u2019ablation de la tumeur cependant dans bon nombre de cas elle se fait apr\u00e8s la radioth\u00e9rapie et autre traitement adjuvant. En fonction de l\u2019examen de la poitrine, la reconstruction peut \u00eatre effectu\u00e9e par un remodelage local, par l\u2019utilisation d\u2019un implant ou par l\u2019utilisation d\u2019un fragment de tissu musculaire ou cutan\u00e9 propre \u00e0 la patiente (lambeau).[\/vc_column_text][\/vc_column][\/vc_row][vc_row el_class=&#8221;long_link&#8221;][vc_column][vc_column_text]<strong><a class=\"pdf_link\" href=\"http:\/\/www.drkotti.com\/pdf\/reconstruction-sein-prothese.pdf\" target=\"_blank\" rel=\"noopener noreferrer\">Reconstruction du sein par prothese<\/a><\/strong>[\/vc_column_text][vc_column_text]<strong><a class=\"pdf_link\" href=\"http:\/\/www.drkotti.com\/pdf\/reconstruction-sein-grand-dorsal.pdf\" target=\"_blank\" rel=\"noopener noreferrer\">Reconstruction du sein par grand dorsal<\/a><\/strong>[\/vc_column_text][vc_column_text]<strong><a class=\"pdf_link\" href=\"http:\/\/www.drkotti.com\/pdf\/reconstruction-sein-grand-droit-abdomen.pdf\" target=\"_blank\" rel=\"noopener noreferrer\">Reconstruction du sein par grand droit abdomen<\/a><\/strong>[\/vc_column_text][vc_column_text]<strong><a class=\"pdf_link\" href=\"http:\/\/www.drkotti.com\/pdf\/reconstruction-plaque-aerolo-mamelonnaire.pdf\" target=\"_blank\" rel=\"noopener noreferrer\">Reconstruction de la plaque aerolo-mamelonnaire<\/a><\/strong>[\/vc_column_text][\/vc_column][\/vc_row]<\/p>\n","protected":false},"excerpt":{"rendered":"<p>[vc_row][vc_column][vc_column_text]Le cancer du sein est malheureusement une maladie de plus en plus fr\u00e9quente. La reconstruction mammaire permet aux patients qui<\/p>\n","protected":false},"author":1,"featured_media":0,"parent":0,"menu_order":0,"comment_status":"closed","ping_status":"closed","template":"","meta":{"inline_featured_image":false},"yst_prominent_words":[],"_links":{"self":[{"href":"https:\/\/www.drkotti.com\/fr\/wp-json\/wp\/v2\/pages\/2469"}],"collection":[{"href":"https:\/\/www.drkotti.com\/fr\/wp-json\/wp\/v2\/pages"}],"about":[{"href":"https:\/\/www.drkotti.com\/fr\/wp-json\/wp\/v2\/types\/page"}],"author":[{"embeddable":true,"href":"https:\/\/www.drkotti.com\/fr\/wp-json\/wp\/v2\/users\/1"}],"replies":[{"embeddable":true,"href":"https:\/\/www.drkotti.com\/fr\/wp-json\/wp\/v2\/comments?post=2469"}],"version-history":[{"count":0,"href":"https:\/\/www.drkotti.com\/fr\/wp-json\/wp\/v2\/pages\/2469\/revisions"}],"wp:attachment":[{"href":"https:\/\/www.drkotti.com\/fr\/wp-json\/wp\/v2\/media?parent=2469"}],"wp:term":[{"taxonomy":"yst_prominent_words","embeddable":true,"href":"https:\/\/www.drkotti.com\/fr\/wp-json\/wp\/v2\/yst_prominent_words?post=2469"}],"curies":[{"name":"wp","href":"https:\/\/api.w.org\/{rel}","templated":true}]}}